{"id":13816,"date":"2025-02-17T17:55:28","date_gmt":"2025-02-17T15:55:28","guid":{"rendered":"https:\/\/zbranebudai.sk\/product\/piest-hatsan-vortex-system-typ2\/"},"modified":"2026-04-01T22:14:03","modified_gmt":"2026-04-01T20:14:03","slug":"dugattyus-hatsan-vortex-rendszer-typ2","status":"publish","type":"product","link":"https:\/\/zbranebudai.sk\/hu\/product\/piest-hatsan-vortex-system-typ2\/","title":{"rendered":"Dugatty\u00fas Hatsan Vortex rendszer TYP2"},"content":{"rendered":"<p>Ennek az alkatr\u00e9sznek a cser\u00e9j\u00e9vel a k\u00f6vetkez\u0151ket kapja:<br \/>\n- a l\u00f6v\u00e9si stabilit\u00e1s n\u00f6veked\u00e9se<br \/>\n- a l\u00f6v\u00e9s zaj\u00e1nak cs\u00f6kkent\u00e9se<\/p>\n<p>A gy\u00e1rt\u00f3 szerint ez meghosszabb\u00edtja az \u00e9lettartamot \u00e9s stabilabb teljes\u00edtm\u00e9nyt biztos\u00edt a rug\u00f3s rendszerhez k\u00e9pest (ahol a teljes\u00edtm\u00e9ny id\u0151vel cs\u00f6kken, ahogy a rug\u00f3 gyeng\u00fcl vagy elt\u00f6rik).<\/p>\n<p>Gy\u00e1rt\u00f3i inform\u00e1ci\u00f3k:<br \/>\n1. t\u00edpus: Mod 55-60-65-70-75-75-80-85-90-SpeedFire<br \/>\n1-B t\u00edpus: Mod 88-95-99<br \/>\n2. t\u00edpus: Mod 125-125TH-125 Sniper-135 -Torped\u00f3 150-150TH-155-SpeedFire1250<br \/>\n3. t\u00edpus: Striker 1000S-1000X-Edge, AirTact sorozat<br \/>\n4. t\u00edpus: Dominator karos sorozat<br \/>\n5. t\u00edpus: Torped\u00f3 100X-105X karos sorozat alatt<br \/>\n6. t\u00edpus: Mod25 SuperCharger \/ SuperTac<br \/>\n7. t\u00edpus: Proxima<\/p>\n<p>Aj\u00e1nlatos a pisztolyt tapasztalt fegyverkov\u00e1cs \u00e1ltal kicser\u00e9ltetni, mivel a szakszer\u0171tlen beavatkoz\u00e1s k\u00e1ros\u00edthatja a pisztolyt \u00e9s \u00e9rv\u00e9nytelen\u00edtheti a garanci\u00e1t.<\/p>","protected":false},"excerpt":{"rendered":"<p>Vortex dugatty\u00fa Hatsan l\u00e9gpusk\u00e1khoz mod. 125,135,150,155<\/p>","protected":false},"featured_media":7152,"template":"","meta":{"_gspb_post_css":""},"product_brand":[],"product_cat":[1840,1839,1834,1824],"product_tag":[],"class_list":{"0":"post-13816","1":"product","2":"type-product","3":"status-publish","4":"has-post-thumbnail","6":"product_cat-nahradne-diely","7":"product_cat-prislusenstvo-a-nd","8":"product_cat-vzduchovky","9":"product_cat-zbrane-18-d","11":"first","12":"instock","13":"taxable","14":"shipping-taxable","15":"purchasable","16":"product-type-simple"},"ct_brands":[],"_links":{"self":[{"href":"https:\/\/zbranebudai.sk\/hu\/wp-json\/wp\/v2\/product\/13816","targetHints":{"allow":["GET"]}}],"collection":[{"href":"https:\/\/zbranebudai.sk\/hu\/wp-json\/wp\/v2\/product"}],"about":[{"href":"https:\/\/zbranebudai.sk\/hu\/wp-json\/wp\/v2\/types\/product"}],"wp:featuredmedia":[{"embeddable":true,"href":"https:\/\/zbranebudai.sk\/hu\/wp-json\/wp\/v2\/media\/7152"}],"wp:attachment":[{"href":"https:\/\/zbranebudai.sk\/hu\/wp-json\/wp\/v2\/media?parent=13816"}],"wp:term":[{"taxonomy":"product_brand","embeddable":true,"href":"https:\/\/zbranebudai.sk\/hu\/wp-json\/wp\/v2\/product_brand?post=13816"},{"taxonomy":"product_cat","embeddable":true,"href":"https:\/\/zbranebudai.sk\/hu\/wp-json\/wp\/v2\/product_cat?post=13816"},{"taxonomy":"product_tag","embeddable":true,"href":"https:\/\/zbranebudai.sk\/hu\/wp-json\/wp\/v2\/product_tag?post=13816"}],"curies":[{"name":"wp","href":"https:\/\/api.w.org\/{rel}","templated":true}]}}