{"id":13812,"date":"2025-02-17T17:55:27","date_gmt":"2025-02-17T15:55:27","guid":{"rendered":"https:\/\/zbranebudai.sk\/product\/pruzina-piestu-hammerli-black-force-880\/"},"modified":"2026-05-07T12:16:23","modified_gmt":"2026-05-07T10:16:23","slug":"hammerli-black-force-880-dugattyurud","status":"publish","type":"product","link":"https:\/\/zbranebudai.sk\/hu\/product\/pruzina-piestu-hammerli-black-force-880\/","title":{"rendered":"H\u00e4mmerli Black Force 880 dugatty\u00fa rug\u00f3"},"content":{"rendered":"","protected":false},"excerpt":{"rendered":"<p>Tavaszi er\u0151 15 J.<\/p>","protected":false},"featured_media":7144,"template":"","meta":{"_gspb_post_css":""},"product_brand":[],"product_cat":[1915,1845,1834,1824],"product_tag":[],"class_list":{"0":"post-13812","1":"product","2":"type-product","3":"status-publish","4":"has-post-thumbnail","6":"product_cat-nahradne-diely-prislusenstvo-a-nd-vzduchovky","7":"product_cat-prislusenstvo-a-nd-vzduchovky","8":"product_cat-vzduchovky","9":"product_cat-zbrane-18-d","11":"first","12":"instock","13":"taxable","14":"shipping-taxable","15":"purchasable","16":"product-type-simple"},"ct_brands":[],"_links":{"self":[{"href":"https:\/\/zbranebudai.sk\/hu\/wp-json\/wp\/v2\/product\/13812","targetHints":{"allow":["GET"]}}],"collection":[{"href":"https:\/\/zbranebudai.sk\/hu\/wp-json\/wp\/v2\/product"}],"about":[{"href":"https:\/\/zbranebudai.sk\/hu\/wp-json\/wp\/v2\/types\/product"}],"wp:featuredmedia":[{"embeddable":true,"href":"https:\/\/zbranebudai.sk\/hu\/wp-json\/wp\/v2\/media\/7144"}],"wp:attachment":[{"href":"https:\/\/zbranebudai.sk\/hu\/wp-json\/wp\/v2\/media?parent=13812"}],"wp:term":[{"taxonomy":"product_brand","embeddable":true,"href":"https:\/\/zbranebudai.sk\/hu\/wp-json\/wp\/v2\/product_brand?post=13812"},{"taxonomy":"product_cat","embeddable":true,"href":"https:\/\/zbranebudai.sk\/hu\/wp-json\/wp\/v2\/product_cat?post=13812"},{"taxonomy":"product_tag","embeddable":true,"href":"https:\/\/zbranebudai.sk\/hu\/wp-json\/wp\/v2\/product_tag?post=13812"}],"curies":[{"name":"wp","href":"https:\/\/api.w.org\/{rel}","templated":true}]}}