{"id":13810,"date":"2025-02-17T17:55:27","date_gmt":"2025-02-17T15:55:27","guid":{"rendered":"https:\/\/zbranebudai.sk\/product\/a02200-extractor-22-vytahovac-pre-ruger-mkiii-a-ine\/"},"modified":"2026-04-09T02:15:54","modified_gmt":"2026-04-09T00:15:54","slug":"a02200-kivono-22-kivono-ruger-mkiii-es-masokhoz","status":"publish","type":"product","link":"https:\/\/zbranebudai.sk\/hu\/product\/a02200-extractor-22-vytahovac-pre-ruger-mkiii-a-ine\/","title":{"rendered":"A02200 Kivon\u00f3 - .22, kivon\u00f3 Ruger MKIII \u00e9s m\u00e1sokhoz"},"content":{"rendered":"","protected":false},"excerpt":{"rendered":"","protected":false},"featured_media":7140,"template":"","meta":{"_gspb_post_css":""},"product_brand":[],"product_cat":[1864,1898,1877,1820],"product_tag":[],"class_list":{"0":"post-13810","1":"product","2":"type-product","3":"status-publish","4":"has-post-thumbnail","6":"product_cat-pistole-zbrane-b-c","7":"product_cat-prislusenstvo-ruger-ruger-pistole-zbrane-b-c","8":"product_cat-ruger-pistole-zbrane-b-c","9":"product_cat-zbrane-b-c","11":"first","12":"outofstock","13":"taxable","14":"shipping-taxable","15":"purchasable","16":"product-type-simple"},"ct_brands":[],"_links":{"self":[{"href":"https:\/\/zbranebudai.sk\/hu\/wp-json\/wp\/v2\/product\/13810","targetHints":{"allow":["GET"]}}],"collection":[{"href":"https:\/\/zbranebudai.sk\/hu\/wp-json\/wp\/v2\/product"}],"about":[{"href":"https:\/\/zbranebudai.sk\/hu\/wp-json\/wp\/v2\/types\/product"}],"wp:featuredmedia":[{"embeddable":true,"href":"https:\/\/zbranebudai.sk\/hu\/wp-json\/wp\/v2\/media\/7140"}],"wp:attachment":[{"href":"https:\/\/zbranebudai.sk\/hu\/wp-json\/wp\/v2\/media?parent=13810"}],"wp:term":[{"taxonomy":"product_brand","embeddable":true,"href":"https:\/\/zbranebudai.sk\/hu\/wp-json\/wp\/v2\/product_brand?post=13810"},{"taxonomy":"product_cat","embeddable":true,"href":"https:\/\/zbranebudai.sk\/hu\/wp-json\/wp\/v2\/product_cat?post=13810"},{"taxonomy":"product_tag","embeddable":true,"href":"https:\/\/zbranebudai.sk\/hu\/wp-json\/wp\/v2\/product_tag?post=13810"}],"curies":[{"name":"wp","href":"https:\/\/api.w.org\/{rel}","templated":true}]}}