{"id":13805,"date":"2025-02-17T17:55:27","date_gmt":"2025-02-17T15:55:27","guid":{"rendered":"https:\/\/zbranebudai.sk\/product\/zasobnik-sp5-9x19-30-nabojov\/"},"modified":"2026-04-16T03:58:12","modified_gmt":"2026-04-16T01:58:12","slug":"tar-sp5-9x19-30-tolteny","status":"publish","type":"product","link":"https:\/\/zbranebudai.sk\/hu\/product\/zasobnik-sp5-9x19-30-nabojov\/","title":{"rendered":"SP5 t\u00e1r, 9\u00d719, 30 t\u00f6lt\u00e9ny"},"content":{"rendered":"","protected":false},"excerpt":{"rendered":"","protected":false},"featured_media":7122,"template":"","meta":{"_gspb_post_css":""},"product_brand":[],"product_cat":[1821,1867,1932,1820],"product_tag":[],"class_list":{"0":"post-13805","1":"product","2":"type-product","3":"status-publish","4":"has-post-thumbnail","6":"product_cat-gulovnice-zbrane-b-c","7":"product_cat-heckler-koch-gulovnice-zbrane-b-c","8":"product_cat-prislusenstvo-hk","9":"product_cat-zbrane-b-c","11":"first","12":"instock","13":"taxable","14":"shipping-taxable","15":"purchasable","16":"product-type-simple"},"ct_brands":[],"_links":{"self":[{"href":"https:\/\/zbranebudai.sk\/hu\/wp-json\/wp\/v2\/product\/13805","targetHints":{"allow":["GET"]}}],"collection":[{"href":"https:\/\/zbranebudai.sk\/hu\/wp-json\/wp\/v2\/product"}],"about":[{"href":"https:\/\/zbranebudai.sk\/hu\/wp-json\/wp\/v2\/types\/product"}],"wp:featuredmedia":[{"embeddable":true,"href":"https:\/\/zbranebudai.sk\/hu\/wp-json\/wp\/v2\/media\/7122"}],"wp:attachment":[{"href":"https:\/\/zbranebudai.sk\/hu\/wp-json\/wp\/v2\/media?parent=13805"}],"wp:term":[{"taxonomy":"product_brand","embeddable":true,"href":"https:\/\/zbranebudai.sk\/hu\/wp-json\/wp\/v2\/product_brand?post=13805"},{"taxonomy":"product_cat","embeddable":true,"href":"https:\/\/zbranebudai.sk\/hu\/wp-json\/wp\/v2\/product_cat?post=13805"},{"taxonomy":"product_tag","embeddable":true,"href":"https:\/\/zbranebudai.sk\/hu\/wp-json\/wp\/v2\/product_tag?post=13805"}],"curies":[{"name":"wp","href":"https:\/\/api.w.org\/{rel}","templated":true}]}}