{"id":13801,"date":"2025-02-17T17:55:26","date_gmt":"2025-02-17T15:55:26","guid":{"rendered":"https:\/\/zbranebudai.sk\/product\/zasobnikovy-podavac-9x19-1812\/"},"modified":"2026-04-16T04:11:53","modified_gmt":"2026-04-16T02:11:53","slug":"talca-adagolo-9x19-1812","status":"publish","type":"product","link":"https:\/\/zbranebudai.sk\/hu\/product\/zasobnikovy-podavac-9x19-1812\/","title":{"rendered":"T\u00e1lc\u00e1s adagol\u00f3 (9\u00d719) (1812)"},"content":{"rendered":"","protected":false},"excerpt":{"rendered":"<p>.<\/p>","protected":false},"featured_media":7110,"template":"","meta":{"_gspb_post_css":""},"product_brand":[],"product_cat":[1908,1864,1914,1820],"product_tag":[],"class_list":{"0":"post-13801","1":"product","2":"type-product","3":"status-publish","4":"has-post-thumbnail","6":"product_cat-glock-prislusenstvo","7":"product_cat-pistole-zbrane-b-c","8":"product_cat-zasobniky-glock","9":"product_cat-zbrane-b-c","11":"first","12":"outofstock","13":"taxable","14":"shipping-taxable","15":"purchasable","16":"product-type-simple"},"ct_brands":[],"_links":{"self":[{"href":"https:\/\/zbranebudai.sk\/hu\/wp-json\/wp\/v2\/product\/13801","targetHints":{"allow":["GET"]}}],"collection":[{"href":"https:\/\/zbranebudai.sk\/hu\/wp-json\/wp\/v2\/product"}],"about":[{"href":"https:\/\/zbranebudai.sk\/hu\/wp-json\/wp\/v2\/types\/product"}],"wp:featuredmedia":[{"embeddable":true,"href":"https:\/\/zbranebudai.sk\/hu\/wp-json\/wp\/v2\/media\/7110"}],"wp:attachment":[{"href":"https:\/\/zbranebudai.sk\/hu\/wp-json\/wp\/v2\/media?parent=13801"}],"wp:term":[{"taxonomy":"product_brand","embeddable":true,"href":"https:\/\/zbranebudai.sk\/hu\/wp-json\/wp\/v2\/product_brand?post=13801"},{"taxonomy":"product_cat","embeddable":true,"href":"https:\/\/zbranebudai.sk\/hu\/wp-json\/wp\/v2\/product_cat?post=13801"},{"taxonomy":"product_tag","embeddable":true,"href":"https:\/\/zbranebudai.sk\/hu\/wp-json\/wp\/v2\/product_tag?post=13801"}],"curies":[{"name":"wp","href":"https:\/\/api.w.org\/{rel}","templated":true}]}}