{"id":13796,"date":"2025-02-17T17:55:25","date_gmt":"2025-02-17T15:55:25","guid":{"rendered":"https:\/\/zbranebudai.sk\/product\/hk-sp5k-kal-9x19-picatinny-rail-foldable-buttstock\/"},"modified":"2026-04-23T06:52:17","modified_gmt":"2026-04-23T04:52:17","slug":"hk-sp5k-kal-9x19-picatinny-sines-felhajthato-feneku-fegyverzet","status":"publish","type":"product","link":"https:\/\/zbranebudai.sk\/hu\/product\/hk-sp5k-kal-9x19-picatinny-rail-foldable-buttstock\/","title":{"rendered":"HK SP5K, cal. 9\u00d719, pikatinny s\u00edn \u00e9s \u00f6sszecsukhat\u00f3 fen\u00e9kcs\u0151"},"content":{"rendered":"","protected":false},"excerpt":{"rendered":"<p>HK SP5K - \u00f6nt\u00f6lt\u0151 hossz\u00fa goly\u00f3s pisztoly, cal. 9\u00d719, \u00f6sszecsukhat\u00f3 sz\u00e1r, pikatinny s\u00edn, 10 t\u00f6lt\u00e9nyes t\u00e1r (lehet\u0151s\u00e9g van 15 \u00e9s 30 t\u00f6lt\u00e9nyes b\u0151v\u00edtett t\u00e1rak v\u00e1s\u00e1rl\u00e1s\u00e1ra), k\u00e9toldali biztos\u00edt\u00e9k, dioptri\u00e1s c\u00e9lz\u00f3k\u00e9sz\u00fcl\u00e9k, teljes hossza 605 mm (\u00f6sszecsukott sz\u00e1rral 365 mm), cs\u0151 hossza 115 mm, sz\u00e9less\u00e9ge 61 mm, magass\u00e1ga 220 mm. Az SP5K a legend\u00e1s MP5K polg\u00e1ri \u00f6nt\u00f6lt\u0151 v\u00e1ltozata 9\u00d719-es kaliberben, amelyet az 1970-es \u00e9vekben fejlesztettek ki szem\u00e9lyv\u00e9delmi c\u00e9l\u00fa, rejtett visel\u00e9s\u0171 fegyverk\u00e9nt. A fegyver belsej\u00e9ben a t\u00f6rv\u00e9nyb\u0151l ered\u0151 v\u00e1ltoztat\u00e1sokat lesz\u00e1m\u00edtva az SP5K teljesen megegyezik az MP5K-val. Haszn\u00e1lhat\u00f3 pisztolyk\u00e9nt, vagy v\u00e1llba tokozott hossz\u00fa pisztolyk\u00e9nt.<\/p>","protected":false},"featured_media":7082,"template":"","meta":{"_gspb_post_css":""},"product_brand":[],"product_cat":[1865,1864,1963,1820],"product_tag":[],"class_list":{"0":"post-13796","1":"product","2":"type-product","3":"status-publish","4":"has-post-thumbnail","6":"product_cat-heckler-koch-pistole-zbrane-b-c","7":"product_cat-pistole-zbrane-b-c","8":"product_cat-sp5","9":"product_cat-zbrane-b-c","11":"first","12":"outofstock","13":"taxable","14":"shipping-taxable","15":"purchasable","16":"product-type-simple"},"ct_brands":[],"_links":{"self":[{"href":"https:\/\/zbranebudai.sk\/hu\/wp-json\/wp\/v2\/product\/13796","targetHints":{"allow":["GET"]}}],"collection":[{"href":"https:\/\/zbranebudai.sk\/hu\/wp-json\/wp\/v2\/product"}],"about":[{"href":"https:\/\/zbranebudai.sk\/hu\/wp-json\/wp\/v2\/types\/product"}],"wp:featuredmedia":[{"embeddable":true,"href":"https:\/\/zbranebudai.sk\/hu\/wp-json\/wp\/v2\/media\/7082"}],"wp:attachment":[{"href":"https:\/\/zbranebudai.sk\/hu\/wp-json\/wp\/v2\/media?parent=13796"}],"wp:term":[{"taxonomy":"product_brand","embeddable":true,"href":"https:\/\/zbranebudai.sk\/hu\/wp-json\/wp\/v2\/product_brand?post=13796"},{"taxonomy":"product_cat","embeddable":true,"href":"https:\/\/zbranebudai.sk\/hu\/wp-json\/wp\/v2\/product_cat?post=13796"},{"taxonomy":"product_tag","embeddable":true,"href":"https:\/\/zbranebudai.sk\/hu\/wp-json\/wp\/v2\/product_tag?post=13796"}],"curies":[{"name":"wp","href":"https:\/\/api.w.org\/{rel}","templated":true}]}}