{"id":13781,"date":"2025-02-17T17:55:23","date_gmt":"2025-02-17T15:55:23","guid":{"rendered":"https:\/\/zbranebudai.sk\/product\/cielnik-fosforeskujuci-green-p30-sfp9-sf-hk45-hk45-compact\/"},"modified":"2026-04-16T04:19:56","modified_gmt":"2026-04-16T02:19:56","slug":"foszforeszkalo-szuro-zold-p30-sfp9-sf-hk45-hk45-kompakt","status":"publish","type":"product","link":"https:\/\/zbranebudai.sk\/hu\/product\/cielnik-fosforeskujuci-green-p30-sfp9-sf-hk45-hk45-compact\/","title":{"rendered":"Foszforeszk\u00e1l\u00f3 c\u00e9lz\u00f3k\u00e9sz\u00fcl\u00e9k GREEN P30 \/ SFP9-SF \/ HK45 \/ HK45 Compact"},"content":{"rendered":"","protected":false},"excerpt":{"rendered":"<p>8,9 mm szabv\u00e1nyos magass\u00e1g a HK45 C eset\u00e9ben<\/p>","protected":false},"featured_media":7049,"template":"","meta":{"_gspb_post_css":""},"product_brand":[],"product_cat":[1865,1959,1864,1888,1820],"product_tag":[],"class_list":{"0":"post-13781","1":"product","2":"type-product","3":"status-publish","4":"has-post-thumbnail","6":"product_cat-heckler-koch-pistole-zbrane-b-c","7":"product_cat-mieridla","8":"product_cat-pistole-zbrane-b-c","9":"product_cat-prislusenstvo-heckler-koch","10":"product_cat-zbrane-b-c","12":"first","13":"outofstock","14":"taxable","15":"shipping-taxable","16":"purchasable","17":"product-type-simple"},"ct_brands":[],"_links":{"self":[{"href":"https:\/\/zbranebudai.sk\/hu\/wp-json\/wp\/v2\/product\/13781","targetHints":{"allow":["GET"]}}],"collection":[{"href":"https:\/\/zbranebudai.sk\/hu\/wp-json\/wp\/v2\/product"}],"about":[{"href":"https:\/\/zbranebudai.sk\/hu\/wp-json\/wp\/v2\/types\/product"}],"wp:featuredmedia":[{"embeddable":true,"href":"https:\/\/zbranebudai.sk\/hu\/wp-json\/wp\/v2\/media\/7049"}],"wp:attachment":[{"href":"https:\/\/zbranebudai.sk\/hu\/wp-json\/wp\/v2\/media?parent=13781"}],"wp:term":[{"taxonomy":"product_brand","embeddable":true,"href":"https:\/\/zbranebudai.sk\/hu\/wp-json\/wp\/v2\/product_brand?post=13781"},{"taxonomy":"product_cat","embeddable":true,"href":"https:\/\/zbranebudai.sk\/hu\/wp-json\/wp\/v2\/product_cat?post=13781"},{"taxonomy":"product_tag","embeddable":true,"href":"https:\/\/zbranebudai.sk\/hu\/wp-json\/wp\/v2\/product_tag?post=13781"}],"curies":[{"name":"wp","href":"https:\/\/api.w.org\/{rel}","templated":true}]}}