{"id":13758,"date":"2025-02-17T17:55:20","date_gmt":"2025-02-17T15:55:20","guid":{"rendered":"https:\/\/zbranebudai.sk\/product\/zachyt-zaveru-hk45-pravy\/"},"modified":"2026-04-16T03:46:58","modified_gmt":"2026-04-16T01:46:58","slug":"hk45-jobb-oldali-zsilipzar","status":"publish","type":"product","link":"https:\/\/zbranebudai.sk\/hu\/product\/zachyt-zaveru-hk45-pravy\/","title":{"rendered":"HK45 jobb oldali reteszz\u00e1r"},"content":{"rendered":"","protected":false},"excerpt":{"rendered":"<p>HK45 tol\u00f3z\u00e1r, jobbra.<\/p>","protected":false},"featured_media":6989,"template":"","meta":{"_gspb_post_css":""},"product_brand":[],"product_cat":[1865,1949,1864,1888,1820],"product_tag":[],"class_list":{"0":"post-13758","1":"product","2":"type-product","3":"status-publish","4":"has-post-thumbnail","6":"product_cat-heckler-koch-pistole-zbrane-b-c","7":"product_cat-nahradne-diely-prislusenstvo-heckler-koch","8":"product_cat-pistole-zbrane-b-c","9":"product_cat-prislusenstvo-heckler-koch","10":"product_cat-zbrane-b-c","12":"first","13":"instock","14":"taxable","15":"shipping-taxable","16":"purchasable","17":"product-type-simple"},"ct_brands":[],"_links":{"self":[{"href":"https:\/\/zbranebudai.sk\/hu\/wp-json\/wp\/v2\/product\/13758","targetHints":{"allow":["GET"]}}],"collection":[{"href":"https:\/\/zbranebudai.sk\/hu\/wp-json\/wp\/v2\/product"}],"about":[{"href":"https:\/\/zbranebudai.sk\/hu\/wp-json\/wp\/v2\/types\/product"}],"wp:featuredmedia":[{"embeddable":true,"href":"https:\/\/zbranebudai.sk\/hu\/wp-json\/wp\/v2\/media\/6989"}],"wp:attachment":[{"href":"https:\/\/zbranebudai.sk\/hu\/wp-json\/wp\/v2\/media?parent=13758"}],"wp:term":[{"taxonomy":"product_brand","embeddable":true,"href":"https:\/\/zbranebudai.sk\/hu\/wp-json\/wp\/v2\/product_brand?post=13758"},{"taxonomy":"product_cat","embeddable":true,"href":"https:\/\/zbranebudai.sk\/hu\/wp-json\/wp\/v2\/product_cat?post=13758"},{"taxonomy":"product_tag","embeddable":true,"href":"https:\/\/zbranebudai.sk\/hu\/wp-json\/wp\/v2\/product_tag?post=13758"}],"curies":[{"name":"wp","href":"https:\/\/api.w.org\/{rel}","templated":true}]}}