{"id":13754,"date":"2025-02-17T17:55:20","date_gmt":"2025-02-17T15:55:20","guid":{"rendered":"https:\/\/zbranebudai.sk\/product\/zachyt-zaveru-sfp9-sf-lavy\/"},"modified":"2026-04-30T09:07:20","modified_gmt":"2026-04-30T07:07:20","slug":"sfp9-sf-lavy-zaras-rogzitese","status":"publish","type":"product","link":"https:\/\/zbranebudai.sk\/hu\/product\/zachyt-zaveru-sfp9-sf-lavy\/","title":{"rendered":"SFP9-SF bal oldali cs\u00fasz\u00e1sg\u00e1tl\u00f3"},"content":{"rendered":"","protected":false},"excerpt":{"rendered":"<p>Cs\u00fasz\u00e1sg\u00e1tl\u00f3 a HK SFP9-SF-hez, balra.<\/p>","protected":false},"featured_media":6981,"template":"","meta":{"_gspb_post_css":""},"product_brand":[],"product_cat":[1865,1949,1864,1888,1820],"product_tag":[],"class_list":{"0":"post-13754","1":"product","2":"type-product","3":"status-publish","4":"has-post-thumbnail","6":"product_cat-heckler-koch-pistole-zbrane-b-c","7":"product_cat-nahradne-diely-prislusenstvo-heckler-koch","8":"product_cat-pistole-zbrane-b-c","9":"product_cat-prislusenstvo-heckler-koch","10":"product_cat-zbrane-b-c","12":"first","13":"outofstock","14":"taxable","15":"shipping-taxable","16":"purchasable","17":"product-type-simple"},"ct_brands":[],"_links":{"self":[{"href":"https:\/\/zbranebudai.sk\/hu\/wp-json\/wp\/v2\/product\/13754","targetHints":{"allow":["GET"]}}],"collection":[{"href":"https:\/\/zbranebudai.sk\/hu\/wp-json\/wp\/v2\/product"}],"about":[{"href":"https:\/\/zbranebudai.sk\/hu\/wp-json\/wp\/v2\/types\/product"}],"wp:featuredmedia":[{"embeddable":true,"href":"https:\/\/zbranebudai.sk\/hu\/wp-json\/wp\/v2\/media\/6981"}],"wp:attachment":[{"href":"https:\/\/zbranebudai.sk\/hu\/wp-json\/wp\/v2\/media?parent=13754"}],"wp:term":[{"taxonomy":"product_brand","embeddable":true,"href":"https:\/\/zbranebudai.sk\/hu\/wp-json\/wp\/v2\/product_brand?post=13754"},{"taxonomy":"product_cat","embeddable":true,"href":"https:\/\/zbranebudai.sk\/hu\/wp-json\/wp\/v2\/product_cat?post=13754"},{"taxonomy":"product_tag","embeddable":true,"href":"https:\/\/zbranebudai.sk\/hu\/wp-json\/wp\/v2\/product_tag?post=13754"}],"curies":[{"name":"wp","href":"https:\/\/api.w.org\/{rel}","templated":true}]}}