{"id":13742,"date":"2025-02-17T17:55:19","date_gmt":"2025-02-17T15:55:19","guid":{"rendered":"https:\/\/zbranebudai.sk\/product\/pruzina-zasobnika-hk45\/"},"modified":"2026-04-16T04:19:05","modified_gmt":"2026-04-16T02:19:05","slug":"hk45-hengerhuvely","status":"publish","type":"product","link":"https:\/\/zbranebudai.sk\/hu\/product\/pruzina-zasobnika-hk45\/","title":{"rendered":"HK45 t\u00e1rrug\u00f3"},"content":{"rendered":"","protected":false},"excerpt":{"rendered":"<p>Rug\u00f3 10 t\u00e1ras t\u00e1rakhoz cal. .45ACP a HK45, HK45 Compact, USP Compact modellekhez. Nem alkalmas 8 t\u00f6lt\u00e9nyes t\u00e1rakhoz.<\/p>","protected":false},"featured_media":6957,"template":"","meta":{"_gspb_post_css":""},"product_brand":[],"product_cat":[1865,1864,1888,2228,1820],"product_tag":[],"class_list":{"0":"post-13742","1":"product","2":"type-product","3":"status-publish","4":"has-post-thumbnail","6":"product_cat-heckler-koch-pistole-zbrane-b-c","7":"product_cat-pistole-zbrane-b-c","8":"product_cat-prislusenstvo-heckler-koch","9":"product_cat-zasobniky-prislusenstvo-heckler-koch","10":"product_cat-zbrane-b-c","12":"first","13":"instock","14":"taxable","15":"shipping-taxable","16":"purchasable","17":"product-type-simple"},"ct_brands":[],"_links":{"self":[{"href":"https:\/\/zbranebudai.sk\/hu\/wp-json\/wp\/v2\/product\/13742","targetHints":{"allow":["GET"]}}],"collection":[{"href":"https:\/\/zbranebudai.sk\/hu\/wp-json\/wp\/v2\/product"}],"about":[{"href":"https:\/\/zbranebudai.sk\/hu\/wp-json\/wp\/v2\/types\/product"}],"wp:featuredmedia":[{"embeddable":true,"href":"https:\/\/zbranebudai.sk\/hu\/wp-json\/wp\/v2\/media\/6957"}],"wp:attachment":[{"href":"https:\/\/zbranebudai.sk\/hu\/wp-json\/wp\/v2\/media?parent=13742"}],"wp:term":[{"taxonomy":"product_brand","embeddable":true,"href":"https:\/\/zbranebudai.sk\/hu\/wp-json\/wp\/v2\/product_brand?post=13742"},{"taxonomy":"product_cat","embeddable":true,"href":"https:\/\/zbranebudai.sk\/hu\/wp-json\/wp\/v2\/product_cat?post=13742"},{"taxonomy":"product_tag","embeddable":true,"href":"https:\/\/zbranebudai.sk\/hu\/wp-json\/wp\/v2\/product_tag?post=13742"}],"curies":[{"name":"wp","href":"https:\/\/api.w.org\/{rel}","templated":true}]}}