{"id":13726,"date":"2025-02-17T17:55:17","date_gmt":"2025-02-17T15:55:17","guid":{"rendered":"https:\/\/zbranebudai.sk\/product\/muska-fosforeskujuca-green-p30-hk45-69-mm\/"},"modified":"2026-04-16T04:10:05","modified_gmt":"2026-04-16T02:10:05","slug":"foszforeszkalo-legy-zold-p30-hk45-69-mm","status":"publish","type":"product","link":"https:\/\/zbranebudai.sk\/hu\/product\/muska-fosforeskujuca-green-p30-hk45-69-mm\/","title":{"rendered":"Foszforeszk\u00e1l\u00f3 l\u00e9gy Z\u00d6LD P30\/HK45 6,9 mm"},"content":{"rendered":"","protected":false},"excerpt":{"rendered":"<p>Foszforeszk\u00e1l\u00f3 l\u00e9gy.<\/p>","protected":false},"featured_media":6925,"template":"","meta":{"_gspb_post_css":""},"product_brand":[],"product_cat":[1865,1959,1864,1888,1820],"product_tag":[],"class_list":{"0":"post-13726","1":"product","2":"type-product","3":"status-publish","4":"has-post-thumbnail","6":"product_cat-heckler-koch-pistole-zbrane-b-c","7":"product_cat-mieridla","8":"product_cat-pistole-zbrane-b-c","9":"product_cat-prislusenstvo-heckler-koch","10":"product_cat-zbrane-b-c","12":"first","13":"instock","14":"taxable","15":"shipping-taxable","16":"purchasable","17":"product-type-simple"},"ct_brands":[],"_links":{"self":[{"href":"https:\/\/zbranebudai.sk\/hu\/wp-json\/wp\/v2\/product\/13726","targetHints":{"allow":["GET"]}}],"collection":[{"href":"https:\/\/zbranebudai.sk\/hu\/wp-json\/wp\/v2\/product"}],"about":[{"href":"https:\/\/zbranebudai.sk\/hu\/wp-json\/wp\/v2\/types\/product"}],"wp:featuredmedia":[{"embeddable":true,"href":"https:\/\/zbranebudai.sk\/hu\/wp-json\/wp\/v2\/media\/6925"}],"wp:attachment":[{"href":"https:\/\/zbranebudai.sk\/hu\/wp-json\/wp\/v2\/media?parent=13726"}],"wp:term":[{"taxonomy":"product_brand","embeddable":true,"href":"https:\/\/zbranebudai.sk\/hu\/wp-json\/wp\/v2\/product_brand?post=13726"},{"taxonomy":"product_cat","embeddable":true,"href":"https:\/\/zbranebudai.sk\/hu\/wp-json\/wp\/v2\/product_cat?post=13726"},{"taxonomy":"product_tag","embeddable":true,"href":"https:\/\/zbranebudai.sk\/hu\/wp-json\/wp\/v2\/product_tag?post=13726"}],"curies":[{"name":"wp","href":"https:\/\/api.w.org\/{rel}","templated":true}]}}