{"id":13714,"date":"2025-02-17T17:55:15","date_gmt":"2025-02-17T15:55:15","guid":{"rendered":"https:\/\/zbranebudai.sk\/product\/tikka-t3x-hunter-kal-308win-ws-st-3rd-22-4-in\/"},"modified":"2026-04-09T02:40:53","modified_gmt":"2026-04-09T00:40:53","slug":"tikka-t3x-hunter-kal-308win-ws-st-3rd-22-4-in","status":"publish","type":"product","link":"https:\/\/zbranebudai.sk\/hu\/product\/tikka-t3x-hunter-kal-308win-ws-st-3rd-22-4-in\/","title":{"rendered":"Tikka T3x Hunter, cal. .308Win. (WS ST 3rd 22.4 in)"},"content":{"rendered":"<p>PARAM\u00c9TEREK:<\/p>\n<p>Cs\u0151hossz: 569 mm (22.4 in)<br \/>\nTeljes hossz: 1083 mm<br \/>\nT\u00e1lcakapacit\u00e1s: 3<br \/>\nCs\u0151oszt\u00e1s: 1:11<br \/>\nPicatinny s\u00edn: Nem<br \/>\nAnyag: ac\u00e9l<br \/>\n\u00cdg\u00e9ret: Wood<br \/>\nS\u00faly: 3,0 kg<\/p>","protected":false},"excerpt":{"rendered":"<p>A Tikka T3x Hunter ide\u00e1lis fegyver azoknak a l\u00f6v\u00e9szeknek, akik \u00e9rt\u00e9kelik a min\u0151s\u00e9gi fa\u00e1llom\u00e1ny j\u00f3 tapint\u00e1s\u00e1t, szil\u00e1rd teljes\u00edtm\u00e9nnyel kombin\u00e1lva. Vad\u00e1szati \u00e9s sportc\u00e9l\u00fa felhaszn\u00e1l\u00e1sra sz\u00e1mos kaliberben k\u00edn\u00e1lj\u00e1k. Hagyom\u00e1nyos alapelvekre \u00e9s modern innov\u00e1ci\u00f3s megold\u00e1sokra \u00e9p\u00fcl, a pontoss\u00e1g, a megb\u00edzhat\u00f3s\u00e1g \u00e9s az \u00e9lvezet \u00faj szintj\u00e9t ny\u00fajtva.<\/p>","protected":false},"featured_media":6889,"template":"","meta":{"_gspb_post_css":""},"product_brand":[],"product_cat":[1821,1862,1854,1861,1820],"product_tag":[],"class_list":{"0":"post-13714","1":"product","2":"type-product","3":"status-publish","4":"has-post-thumbnail","6":"product_cat-gulovnice-zbrane-b-c","7":"product_cat-t3x-hunter","8":"product_cat-tikka","9":"product_cat-tikka-t3x","10":"product_cat-zbrane-b-c","12":"first","13":"outofstock","14":"taxable","15":"shipping-taxable","16":"purchasable","17":"product-type-simple"},"ct_brands":[],"_links":{"self":[{"href":"https:\/\/zbranebudai.sk\/hu\/wp-json\/wp\/v2\/product\/13714","targetHints":{"allow":["GET"]}}],"collection":[{"href":"https:\/\/zbranebudai.sk\/hu\/wp-json\/wp\/v2\/product"}],"about":[{"href":"https:\/\/zbranebudai.sk\/hu\/wp-json\/wp\/v2\/types\/product"}],"wp:featuredmedia":[{"embeddable":true,"href":"https:\/\/zbranebudai.sk\/hu\/wp-json\/wp\/v2\/media\/6889"}],"wp:attachment":[{"href":"https:\/\/zbranebudai.sk\/hu\/wp-json\/wp\/v2\/media?parent=13714"}],"wp:term":[{"taxonomy":"product_brand","embeddable":true,"href":"https:\/\/zbranebudai.sk\/hu\/wp-json\/wp\/v2\/product_brand?post=13714"},{"taxonomy":"product_cat","embeddable":true,"href":"https:\/\/zbranebudai.sk\/hu\/wp-json\/wp\/v2\/product_cat?post=13714"},{"taxonomy":"product_tag","embeddable":true,"href":"https:\/\/zbranebudai.sk\/hu\/wp-json\/wp\/v2\/product_tag?post=13714"}],"curies":[{"name":"wp","href":"https:\/\/api.w.org\/{rel}","templated":true}]}}