{"id":13707,"date":"2025-02-17T17:55:13","date_gmt":"2025-02-17T15:55:13","guid":{"rendered":"https:\/\/zbranebudai.sk\/product\/tesnenie-hlavne-hatsan-55s-125-striker-airtact-25-25-supercharger-25-supertact\/"},"modified":"2026-04-09T01:27:56","modified_gmt":"2026-04-08T23:27:56","slug":"hordotomites-hatsan-55s-125-striker-airtact-25-25-25-kompresszor-25-supertact","status":"publish","type":"product","link":"https:\/\/zbranebudai.sk\/hu\/product\/tesnenie-hlavne-hatsan-55s-125-striker-airtact-25-25-supercharger-25-supertact\/","title":{"rendered":"Hatsan 55S-125\/Striker\/Airtact\/25\/25 SuperCharger\/25 SuperTact hord\u00f3t\u00f6m\u00edt\u00e9s Hatsan 55S-125\/Striker\/Airtact\/25\/25 SuperCharger\/25 SuperTact"},"content":{"rendered":"","protected":false},"excerpt":{"rendered":"","protected":false},"featured_media":6873,"template":"","meta":{"_gspb_post_css":""},"product_brand":[],"product_cat":[1840,1839,1834,1824],"product_tag":[],"class_list":{"0":"post-13707","1":"product","2":"type-product","3":"status-publish","4":"has-post-thumbnail","6":"product_cat-nahradne-diely","7":"product_cat-prislusenstvo-a-nd","8":"product_cat-vzduchovky","9":"product_cat-zbrane-18-d","11":"first","12":"instock","13":"taxable","14":"shipping-taxable","15":"purchasable","16":"product-type-simple"},"ct_brands":[],"_links":{"self":[{"href":"https:\/\/zbranebudai.sk\/hu\/wp-json\/wp\/v2\/product\/13707","targetHints":{"allow":["GET"]}}],"collection":[{"href":"https:\/\/zbranebudai.sk\/hu\/wp-json\/wp\/v2\/product"}],"about":[{"href":"https:\/\/zbranebudai.sk\/hu\/wp-json\/wp\/v2\/types\/product"}],"wp:featuredmedia":[{"embeddable":true,"href":"https:\/\/zbranebudai.sk\/hu\/wp-json\/wp\/v2\/media\/6873"}],"wp:attachment":[{"href":"https:\/\/zbranebudai.sk\/hu\/wp-json\/wp\/v2\/media?parent=13707"}],"wp:term":[{"taxonomy":"product_brand","embeddable":true,"href":"https:\/\/zbranebudai.sk\/hu\/wp-json\/wp\/v2\/product_brand?post=13707"},{"taxonomy":"product_cat","embeddable":true,"href":"https:\/\/zbranebudai.sk\/hu\/wp-json\/wp\/v2\/product_cat?post=13707"},{"taxonomy":"product_tag","embeddable":true,"href":"https:\/\/zbranebudai.sk\/hu\/wp-json\/wp\/v2\/product_tag?post=13707"}],"curies":[{"name":"wp","href":"https:\/\/api.w.org\/{rel}","templated":true}]}}