{"id":13705,"date":"2025-02-17T17:55:13","date_gmt":"2025-02-17T15:55:13","guid":{"rendered":"https:\/\/zbranebudai.sk\/product\/vzduchova-karabina-hatsan-25-supertact-kal-45mm\/"},"modified":"2026-04-16T03:58:12","modified_gmt":"2026-04-16T01:58:12","slug":"legkarabely-hatsan-25-supertact-cal-45mm","status":"publish","type":"product","link":"https:\/\/zbranebudai.sk\/hu\/product\/vzduchova-karabina-hatsan-25-supertact-kal-45mm\/","title":{"rendered":"L\u00e9gi karab\u00e9ly Hatsan 25 SuperTact, cal. 4,5mm"},"content":{"rendered":"<p>QUATRO TRIGGER: k\u00e9tfokozat\u00fa \u00e1ll\u00edthat\u00f3 kiold\u00f3 2 fokozatra osztott ellen\u00e1ll\u00e1ssal, az els\u0151 fokozatban kisebb, a m\u00e1sodikban nagyobb ellen\u00e1ll\u00e1ssal.<\/p>\n<p>Param\u00e9terek:<\/p>\n<p>Energia: legfeljebb 12 J<br \/>\nUtaz\u00e1si sebess\u00e9g: 215 m\/s.<br \/>\nCs\u0151hossz: 230 mm<br \/>\nTeljes hossz: 670 - 770 mm<br \/>\nStock: beh\u00fazhat\u00f3 6 poz\u00edci\u00f3ban<br \/>\nC\u00e9l: Truglo z\u00f6ld f\u00e9nyvezet\u0151 sz\u00e1l<br \/>\nFly: Truglo piros k\u00f6nny\u0171v\u00edzi zsin\u00f3r<br \/>\nSzerel\u00e9si hornyok: 11 mm<br \/>\nKiold\u00f3: Quattro kiold\u00f3<br \/>\nS\u00faly: 2,5 kg<\/p>","protected":false},"excerpt":{"rendered":"<p>Hatsan 25 SuperTact - visszah\u00fazhat\u00f3 l\u00e9gkarab\u00e9ly visszah\u00fazhat\u00f3 sz\u00e1rral (6 poz\u00edci\u00f3ban) \u00e9s \u00e1ll\u00edthat\u00f3 magass\u00e1g\u00fa orrpof\u00e1val. A sz\u00e1r levehet\u0151 \u00e9s a fegyver pisztolyk\u00e9nt is haszn\u00e1lhat\u00f3. 2 fokozat\u00fa, teljesen \u00e1ll\u00edthat\u00f3 ravasz Quattro Trigger a magasabb modellsorozatb\u00f3l, \u00e1ll\u00edthat\u00f3 ellen\u00e1ll\u00e1ssal \u00e9s \u00fathosszal. Teljesen \u00e1ll\u00edthat\u00f3 ir\u00e1nyz\u00e9k \u00e9s \u00e1ll\u00edthat\u00f3 magass\u00e1g\u00fa Truglo sz\u00e1loptikai c\u00e9lz\u00f3k\u00e9sz\u00fcl\u00e9k. Alum\u00ednium cs\u0151hosszabb\u00edt\u00f3 a k\u00f6nnyebb cs\u0151t\u00f6r\u00e9s \u00e9rdek\u00e9ben.<\/p>","protected":false},"featured_media":6869,"template":"","meta":{"_gspb_post_css":""},"product_brand":[],"product_cat":[1835,1834,1824],"product_tag":[],"class_list":{"0":"post-13705","1":"product","2":"type-product","3":"status-publish","4":"has-post-thumbnail","6":"product_cat-dlhe-vzduchovky","7":"product_cat-vzduchovky","8":"product_cat-zbrane-18-d","10":"first","11":"outofstock","12":"taxable","13":"shipping-taxable","14":"purchasable","15":"product-type-simple"},"ct_brands":[],"_links":{"self":[{"href":"https:\/\/zbranebudai.sk\/hu\/wp-json\/wp\/v2\/product\/13705","targetHints":{"allow":["GET"]}}],"collection":[{"href":"https:\/\/zbranebudai.sk\/hu\/wp-json\/wp\/v2\/product"}],"about":[{"href":"https:\/\/zbranebudai.sk\/hu\/wp-json\/wp\/v2\/types\/product"}],"wp:featuredmedia":[{"embeddable":true,"href":"https:\/\/zbranebudai.sk\/hu\/wp-json\/wp\/v2\/media\/6869"}],"wp:attachment":[{"href":"https:\/\/zbranebudai.sk\/hu\/wp-json\/wp\/v2\/media?parent=13705"}],"wp:term":[{"taxonomy":"product_brand","embeddable":true,"href":"https:\/\/zbranebudai.sk\/hu\/wp-json\/wp\/v2\/product_brand?post=13705"},{"taxonomy":"product_cat","embeddable":true,"href":"https:\/\/zbranebudai.sk\/hu\/wp-json\/wp\/v2\/product_cat?post=13705"},{"taxonomy":"product_tag","embeddable":true,"href":"https:\/\/zbranebudai.sk\/hu\/wp-json\/wp\/v2\/product_tag?post=13705"}],"curies":[{"name":"wp","href":"https:\/\/api.w.org\/{rel}","templated":true}]}}