{"id":13701,"date":"2025-02-17T17:55:12","date_gmt":"2025-02-17T15:55:12","guid":{"rendered":"https:\/\/zbranebudai.sk\/product\/airsoft-pistol-heckler-koch-hk45-kal-6mm-co2\/"},"modified":"2026-04-01T23:29:06","modified_gmt":"2026-04-01T21:29:06","slug":"airsoft-pisztoly-heckler-koch-hk45-cal-6mm-co2","status":"publish","type":"product","link":"https:\/\/zbranebudai.sk\/hu\/product\/airsoft-pistol-heckler-koch-hk45-kal-6mm-co2\/","title":{"rendered":"Airsoft pisztoly Heckler &amp; Koch HK45, cal. 6mm, CO2"},"content":{"rendered":"","protected":false},"excerpt":{"rendered":"<p>HK45 airsoft pisztoly CO2 bomb\u00e1khoz, f\u00e9m cs\u00faszka, max. energia kb. 2,0 J, t\u00e1rkapacit\u00e1s 15 BB, teljes hossz 203 mm, s\u00faly 690 g, DA rendszer, aj\u00e1nlott BB s\u00faly 0,20-0,25 g.<\/p>","protected":false},"featured_media":6843,"template":"","meta":{"_gspb_post_css":""},"product_brand":[],"product_cat":[1848,1849,1824],"product_tag":[],"class_list":{"0":"post-13701","1":"product","2":"type-product","3":"status-publish","4":"has-post-thumbnail","6":"product_cat-airsoft","7":"product_cat-airsoft-co2","8":"product_cat-zbrane-18-d","10":"first","11":"instock","12":"taxable","13":"shipping-taxable","14":"purchasable","15":"product-type-simple"},"ct_brands":[],"_links":{"self":[{"href":"https:\/\/zbranebudai.sk\/hu\/wp-json\/wp\/v2\/product\/13701","targetHints":{"allow":["GET"]}}],"collection":[{"href":"https:\/\/zbranebudai.sk\/hu\/wp-json\/wp\/v2\/product"}],"about":[{"href":"https:\/\/zbranebudai.sk\/hu\/wp-json\/wp\/v2\/types\/product"}],"wp:featuredmedia":[{"embeddable":true,"href":"https:\/\/zbranebudai.sk\/hu\/wp-json\/wp\/v2\/media\/6843"}],"wp:attachment":[{"href":"https:\/\/zbranebudai.sk\/hu\/wp-json\/wp\/v2\/media?parent=13701"}],"wp:term":[{"taxonomy":"product_brand","embeddable":true,"href":"https:\/\/zbranebudai.sk\/hu\/wp-json\/wp\/v2\/product_brand?post=13701"},{"taxonomy":"product_cat","embeddable":true,"href":"https:\/\/zbranebudai.sk\/hu\/wp-json\/wp\/v2\/product_cat?post=13701"},{"taxonomy":"product_tag","embeddable":true,"href":"https:\/\/zbranebudai.sk\/hu\/wp-json\/wp\/v2\/product_tag?post=13701"}],"curies":[{"name":"wp","href":"https:\/\/api.w.org\/{rel}","templated":true}]}}