{"id":13700,"date":"2025-02-17T17:55:12","date_gmt":"2025-02-17T15:55:12","guid":{"rendered":"https:\/\/zbranebudai.sk\/product\/revolver-co2-colt-saa-45-5-5-nickel-kal-45mm-bb\/"},"modified":"2026-04-16T03:59:09","modified_gmt":"2026-04-16T01:59:09","slug":"revolver-co2-colt-saa-45-5-5-5-nikkel-cal-45mm-bb","status":"publish","type":"product","link":"https:\/\/zbranebudai.sk\/hu\/product\/revolver-co2-colt-saa-45-5-5-nickel-kal-45mm-bb\/","title":{"rendered":"Colt SAA .45-5.5\u2033 nikkel CO2 revolver, kaliber: .45-5.5\u2033. 4.5mm BB"},"content":{"rendered":"<p>PARAM\u00c9TEREK:<\/p>\n<p>Energia: 3 J<br \/>\nMenetsebess\u00e9g: 120 m\/s<br \/>\nCs\u0151hossz: 140 mm<br \/>\nTeljes hossz: 275 mm<br \/>\nKapacit\u00e1s: 6<br \/>\nCO\u2082 bomba kapacit\u00e1sa: 120 l\u00f6v\u00e9s<br \/>\nS\u00faly: 867 g\u00a0<\/p>","protected":false},"excerpt":{"rendered":"<p>Colt SAA .45-5.5\u2033 nikkel CO2 revolver, kaliber: .45-5.5\u2033. 4,5mm BB a nyugati Peacemaker hiteles m\u00e1solata nem csak a t\u00f6rt\u00e9nelem szerelmeseinek. A l\u00e9grevolver gy\u00f6ny\u00f6r\u0171, teljesen f\u00e9mb\u0151l k\u00e9sz\u00fclt konstrukci\u00f3j\u00e1t a csillog\u00f3 feh\u00e9r markolat eg\u00e9sz\u00edti ki. Prec\u00edzi\u00f3s p\u00f6rgetett cs\u0151, min\u0151s\u00e9gi kivitelez\u00e9s, val\u00f3s\u00e1gh\u0171 t\u00f6lt\u00e9nykamr\u00e1k a henger kamr\u00e1iban \u00e9s kedvez\u0151 \u00e1r. A goly\u00f3 egy m\u0171patronnal van behelyezve.<\/p>","protected":false},"featured_media":6841,"template":"","meta":{"_gspb_post_css":""},"product_brand":[],"product_cat":[1948,1870,1824,1828],"product_tag":[],"class_list":{"0":"post-13700","1":"product","2":"type-product","3":"status-publish","4":"has-post-thumbnail","6":"product_cat-colt-revolvery-na-co2","7":"product_cat-revolvery-na-co2","8":"product_cat-zbrane-18-d","9":"product_cat-zbrane-na-co2","11":"first","12":"instock","13":"taxable","14":"shipping-taxable","15":"purchasable","16":"product-type-simple"},"ct_brands":[],"_links":{"self":[{"href":"https:\/\/zbranebudai.sk\/hu\/wp-json\/wp\/v2\/product\/13700","targetHints":{"allow":["GET"]}}],"collection":[{"href":"https:\/\/zbranebudai.sk\/hu\/wp-json\/wp\/v2\/product"}],"about":[{"href":"https:\/\/zbranebudai.sk\/hu\/wp-json\/wp\/v2\/types\/product"}],"wp:featuredmedia":[{"embeddable":true,"href":"https:\/\/zbranebudai.sk\/hu\/wp-json\/wp\/v2\/media\/6841"}],"wp:attachment":[{"href":"https:\/\/zbranebudai.sk\/hu\/wp-json\/wp\/v2\/media?parent=13700"}],"wp:term":[{"taxonomy":"product_brand","embeddable":true,"href":"https:\/\/zbranebudai.sk\/hu\/wp-json\/wp\/v2\/product_brand?post=13700"},{"taxonomy":"product_cat","embeddable":true,"href":"https:\/\/zbranebudai.sk\/hu\/wp-json\/wp\/v2\/product_cat?post=13700"},{"taxonomy":"product_tag","embeddable":true,"href":"https:\/\/zbranebudai.sk\/hu\/wp-json\/wp\/v2\/product_tag?post=13700"}],"curies":[{"name":"wp","href":"https:\/\/api.w.org\/{rel}","templated":true}]}}