{"id":13698,"date":"2025-02-17T17:55:12","date_gmt":"2025-02-17T15:55:12","guid":{"rendered":"https:\/\/zbranebudai.sk\/product\/zaslepka-rukovate-s-ockom-g17-22-31-34-35-37-gen4-39002\/"},"modified":"2026-04-30T10:15:17","modified_gmt":"2026-04-30T08:15:17","slug":"vakhuvely-szemmel-g17-22-31-31-34-35-37-gen4-39002","status":"publish","type":"product","link":"https:\/\/zbranebudai.sk\/hu\/product\/zaslepka-rukovate-s-ockom-g17-22-31-34-35-37-gen4-39002\/","title":{"rendered":"G17\/22\/22\/22\/31\/34\/35\/37 Gen4 markolatdug\u00f3 f\u0171z\u0151lyukkal (39002)"},"content":{"rendered":"","protected":false},"excerpt":{"rendered":"<p>Csak a 4. gener\u00e1ci\u00f3s modellekhez haszn\u00e1lhat\u00f3: G17, G22, G31, G34, G35, G37.<\/p>","protected":false},"featured_media":6837,"template":"","meta":{"_gspb_post_css":""},"product_brand":[],"product_cat":[1908,1954,1864,1820],"product_tag":[],"class_list":{"0":"post-13698","1":"product","2":"type-product","3":"status-publish","4":"has-post-thumbnail","6":"product_cat-glock-prislusenstvo","7":"product_cat-ostatne","8":"product_cat-pistole-zbrane-b-c","9":"product_cat-zbrane-b-c","11":"first","12":"instock","13":"taxable","14":"shipping-taxable","15":"purchasable","16":"product-type-simple"},"ct_brands":[],"_links":{"self":[{"href":"https:\/\/zbranebudai.sk\/hu\/wp-json\/wp\/v2\/product\/13698","targetHints":{"allow":["GET"]}}],"collection":[{"href":"https:\/\/zbranebudai.sk\/hu\/wp-json\/wp\/v2\/product"}],"about":[{"href":"https:\/\/zbranebudai.sk\/hu\/wp-json\/wp\/v2\/types\/product"}],"wp:featuredmedia":[{"embeddable":true,"href":"https:\/\/zbranebudai.sk\/hu\/wp-json\/wp\/v2\/media\/6837"}],"wp:attachment":[{"href":"https:\/\/zbranebudai.sk\/hu\/wp-json\/wp\/v2\/media?parent=13698"}],"wp:term":[{"taxonomy":"product_brand","embeddable":true,"href":"https:\/\/zbranebudai.sk\/hu\/wp-json\/wp\/v2\/product_brand?post=13698"},{"taxonomy":"product_cat","embeddable":true,"href":"https:\/\/zbranebudai.sk\/hu\/wp-json\/wp\/v2\/product_cat?post=13698"},{"taxonomy":"product_tag","embeddable":true,"href":"https:\/\/zbranebudai.sk\/hu\/wp-json\/wp\/v2\/product_tag?post=13698"}],"curies":[{"name":"wp","href":"https:\/\/api.w.org\/{rel}","templated":true}]}}