{"id":13695,"date":"2025-02-17T17:55:12","date_gmt":"2025-02-17T15:55:12","guid":{"rendered":"https:\/\/zbranebudai.sk\/product\/ruger-mini-14-mini-thirty-5853-kmini-30-p20-kal-762x39\/"},"modified":"2025-07-12T16:06:32","modified_gmt":"2025-07-12T14:06:32","slug":"ruger-mini-14-mini-harminc-5853-kmini-30-p20-cal-762x39","status":"publish","type":"product","link":"https:\/\/zbranebudai.sk\/hu\/product\/ruger-mini-14-mini-thirty-5853-kmini-30-p20-kal-762x39\/","title":{"rendered":"Ruger Mini-14 Mini Thirty 5853 (KMINI-30\/P20), kal. 7,62\u00d739"},"content":{"rendered":"<p>PARAM\u00c9TEREK:<\/p>\n<p>Cs\u0151hossz: 470 mm (18.5 in)<br \/>\nTeljes hossz: 953 mm<br \/>\nA tart\u00e1ly kapacit\u00e1sa: 20<br \/>\nCs\u0151oszt\u00e1s: 1:10\u2033 RH<br \/>\nPicatinny s\u00edn: mell\u00e9kelve<br \/>\nAnyag: rozsdamentes ac\u00e9l<br \/>\n\u00cdg\u00e9ret: Szintetikus<br \/>\nS\u00faly: 3,0 kg<\/p>","protected":false},"excerpt":{"rendered":"<p>Precizit\u00e1s a l\u0151t\u00e9ren, a farmon, az \u0151rj\u00e1raton vagy az erd\u0151ben. A Ruger Mini-14 Mini Thirty 5853-as \u00e9vtizedek \u00f3ta a v\u00e1laszt\u00e1s a farmokon \u00e9s farmokon, az erd\u0151 m\u00e9ly\u00e9n \u00e1t a szem\u00e9lyes v\u00e9delemig. R\u00f6vid cs\u00f6ve \u00e9s \u00f6sszess\u00e9g\u00e9ben r\u00f6vid hossza miatt minden olyan helyzetben kedvenc, ahol a man\u0151verezhet\u0151s\u00e9g \u00e9s a k\u00f6nny\u0171 kezelhet\u0151s\u00e9g az els\u0151dleges szempont. A standard ranch pusk\u00e1t\u00f3l a rendk\u00edv\u00fcl pontos Mini-14\u00ae c\u00e9ll\u00f6v\u0151 pusk\u00e1n \u00e1t a taktikai modellekig, a lehajthat\u00f3 sz\u00e1r\u00fa vagy hangtomp\u00edt\u00f3val ell\u00e1tott kompakt cs\u00f6v\u0171 modellekig minden ig\u00e9nyt kiel\u00e9g\u00edtenek. Kifejezetten a t\u00e1vcs\u00f6vek vagy m\u00e1s optikai c\u00e9lz\u00f3rendszerek felszerel\u00e9s\u00e9re tervezt\u00e9k ezeket a pusk\u00e1kat, amelyek tartalmaznak egy oldals\u00f3 hosszabb\u00edt\u00f3t a fel\u00fclre szerelt t\u00e1vcs\u00f6vek elt\u00e1vol\u00edt\u00e1s\u00e1hoz, valamint egy szabadalmaztatott visszar\u00fag\u00e1sg\u00e1tl\u00f3t, amely megv\u00e9di a t\u00e1vcs\u00f6vet a s\u00e9r\u00fcl\u00e9st\u0151l vagy a becsap\u00f3d\u00e1si pont eltol\u00f3d\u00e1s\u00e1t\u00f3l, amikor a f\u00e9lautomata t\u00fczel\u00e9s ciklikusan t\u00f6rt\u00e9nik.<\/p>","protected":false},"featured_media":6735,"template":"","meta":{"_gspb_post_css":""},"product_brand":[],"product_cat":[1821,1953,1837,1820],"product_tag":[],"class_list":{"0":"post-13695","1":"product","2":"type-product","3":"status-publish","4":"has-post-thumbnail","6":"product_cat-gulovnice-zbrane-b-c","7":"product_cat-mini-14","8":"product_cat-ruger","9":"product_cat-zbrane-b-c","11":"first","12":"outofstock","13":"taxable","14":"shipping-taxable","15":"purchasable","16":"product-type-simple"},"ct_brands":[],"_links":{"self":[{"href":"https:\/\/zbranebudai.sk\/hu\/wp-json\/wp\/v2\/product\/13695","targetHints":{"allow":["GET"]}}],"collection":[{"href":"https:\/\/zbranebudai.sk\/hu\/wp-json\/wp\/v2\/product"}],"about":[{"href":"https:\/\/zbranebudai.sk\/hu\/wp-json\/wp\/v2\/types\/product"}],"wp:featuredmedia":[{"embeddable":true,"href":"https:\/\/zbranebudai.sk\/hu\/wp-json\/wp\/v2\/media\/6735"}],"wp:attachment":[{"href":"https:\/\/zbranebudai.sk\/hu\/wp-json\/wp\/v2\/media?parent=13695"}],"wp:term":[{"taxonomy":"product_brand","embeddable":true,"href":"https:\/\/zbranebudai.sk\/hu\/wp-json\/wp\/v2\/product_brand?post=13695"},{"taxonomy":"product_cat","embeddable":true,"href":"https:\/\/zbranebudai.sk\/hu\/wp-json\/wp\/v2\/product_cat?post=13695"},{"taxonomy":"product_tag","embeddable":true,"href":"https:\/\/zbranebudai.sk\/hu\/wp-json\/wp\/v2\/product_tag?post=13695"}],"curies":[{"name":"wp","href":"https:\/\/api.w.org\/{rel}","templated":true}]}}