{"id":13694,"date":"2025-02-17T17:55:12","date_gmt":"2025-02-17T15:55:12","guid":{"rendered":"https:\/\/zbranebudai.sk\/product\/ruger-n-m-super-blackhawk-standard-0811-kal-44mag\/"},"modified":"2026-04-09T01:30:54","modified_gmt":"2026-04-08T23:30:54","slug":"ruger-n-m-super-blackhawk-standard-0811-cal-44mag","status":"publish","type":"product","link":"https:\/\/zbranebudai.sk\/hu\/product\/ruger-n-m-super-blackhawk-standard-0811-kal-44mag\/","title":{"rendered":"Ruger N.M. Super Blackhawk Standard 0811, cal. .44Mag."},"content":{"rendered":"<p>PARAM\u00c9TEREK:<\/p>\n<p>Kapacit\u00e1s: 6 t\u00f6lt\u00e9ny<br \/>\nCs\u0151hossz: 140 mm (5.5\u2033)<br \/>\nTeljes hossz: 290 mm<br \/>\nCs\u0151oszt\u00e1s: 1:20\u2033 RH<br \/>\nAnyag: rozsdamentes ac\u00e9l<br \/>\nS\u00faly: 1,28 kg<\/p>","protected":false},"excerpt":{"rendered":"<p>A Ruger New Model Super Blackhawk egycs\u00f6v\u0171 revolvercsal\u00e1dja nyugati st\u00edlus\u00fa kialak\u00edt\u00e1s\u00fa, hagyom\u00e1nyos markolattal, amely a maxim\u00e1lis k\u00e9nyelem \u00e9rdek\u00e9ben az eg\u00e9sz kezet kit\u00f6lti. Nagym\u00e9ret\u0171 c\u00e9lz\u00f3k\u00e9sz\u00fcl\u00e9k \u00e9s \u00e1ll\u00edthat\u00f3 c\u00e9lt\u00e1vcs\u0151. A hidegen kov\u00e1csolt cs\u0151 kiv\u00e9teles pontoss\u00e1got \u00e9s hossz\u00fa \u00e9lettartamot biztos\u00edt.  A .44 Magnum kaliber\u0171 modellek a gy\u00e1ri .44 Special t\u00f6lt\u00e9nyt is fogadj\u00e1k, amely kiv\u00e1l\u00f3 pontoss\u00e1got \u00e9s enyh\u00e9bb visszar\u00fag\u00e1st biztos\u00edt.<\/p>","protected":false},"featured_media":6731,"template":"","meta":{"_gspb_post_css":""},"product_brand":[],"product_cat":[1921,1858,1859,1820],"product_tag":[],"class_list":{"0":"post-13694","1":"product","2":"type-product","3":"status-publish","4":"has-post-thumbnail","6":"product_cat-new-model-super-blackhawk","7":"product_cat-revolvery-zbrane-b-c","8":"product_cat-ruger-revolvery-zbrane-b-c","9":"product_cat-zbrane-b-c","11":"first","12":"outofstock","13":"taxable","14":"shipping-taxable","15":"purchasable","16":"product-type-simple"},"ct_brands":[],"_links":{"self":[{"href":"https:\/\/zbranebudai.sk\/hu\/wp-json\/wp\/v2\/product\/13694","targetHints":{"allow":["GET"]}}],"collection":[{"href":"https:\/\/zbranebudai.sk\/hu\/wp-json\/wp\/v2\/product"}],"about":[{"href":"https:\/\/zbranebudai.sk\/hu\/wp-json\/wp\/v2\/types\/product"}],"wp:featuredmedia":[{"embeddable":true,"href":"https:\/\/zbranebudai.sk\/hu\/wp-json\/wp\/v2\/media\/6731"}],"wp:attachment":[{"href":"https:\/\/zbranebudai.sk\/hu\/wp-json\/wp\/v2\/media?parent=13694"}],"wp:term":[{"taxonomy":"product_brand","embeddable":true,"href":"https:\/\/zbranebudai.sk\/hu\/wp-json\/wp\/v2\/product_brand?post=13694"},{"taxonomy":"product_cat","embeddable":true,"href":"https:\/\/zbranebudai.sk\/hu\/wp-json\/wp\/v2\/product_cat?post=13694"},{"taxonomy":"product_tag","embeddable":true,"href":"https:\/\/zbranebudai.sk\/hu\/wp-json\/wp\/v2\/product_tag?post=13694"}],"curies":[{"name":"wp","href":"https:\/\/api.w.org\/{rel}","templated":true}]}}