{"id":13693,"date":"2025-02-17T17:55:11","date_gmt":"2025-02-17T15:55:11","guid":{"rendered":"https:\/\/zbranebudai.sk\/product\/zasobnik-p30-sfp9-sf-40sw-10-nabojov\/"},"modified":"2026-05-07T11:38:23","modified_gmt":"2026-05-07T09:38:23","slug":"p30-sfp9-sf-40sw-10-loves","status":"publish","type":"product","link":"https:\/\/zbranebudai.sk\/hu\/product\/zasobnik-p30-sfp9-sf-40sw-10-nabojov\/","title":{"rendered":"P30 \/ SFP9-SF t\u00e1r, .40SW, 10 t\u00f6lt\u00e9nyt"},"content":{"rendered":"","protected":false},"excerpt":{"rendered":"<p>HK P30 \u00e9s SFP9-SF pisztolyokhoz k\u00e9sz\u00fclt t\u00e1r, amelynek kapacit\u00e1sa 13-r\u00f3l 10 t\u00f6lt\u00e9nyre cs\u00f6kkent.<\/p>","protected":false},"featured_media":6727,"template":"","meta":{"_gspb_post_css":""},"product_brand":[],"product_cat":[1865,1864,1888,2228,1820],"product_tag":[],"class_list":{"0":"post-13693","1":"product","2":"type-product","3":"status-publish","4":"has-post-thumbnail","6":"product_cat-heckler-koch-pistole-zbrane-b-c","7":"product_cat-pistole-zbrane-b-c","8":"product_cat-prislusenstvo-heckler-koch","9":"product_cat-zasobniky-prislusenstvo-heckler-koch","10":"product_cat-zbrane-b-c","12":"first","13":"instock","14":"taxable","15":"shipping-taxable","16":"purchasable","17":"product-type-simple"},"ct_brands":[],"_links":{"self":[{"href":"https:\/\/zbranebudai.sk\/hu\/wp-json\/wp\/v2\/product\/13693","targetHints":{"allow":["GET"]}}],"collection":[{"href":"https:\/\/zbranebudai.sk\/hu\/wp-json\/wp\/v2\/product"}],"about":[{"href":"https:\/\/zbranebudai.sk\/hu\/wp-json\/wp\/v2\/types\/product"}],"wp:featuredmedia":[{"embeddable":true,"href":"https:\/\/zbranebudai.sk\/hu\/wp-json\/wp\/v2\/media\/6727"}],"wp:attachment":[{"href":"https:\/\/zbranebudai.sk\/hu\/wp-json\/wp\/v2\/media?parent=13693"}],"wp:term":[{"taxonomy":"product_brand","embeddable":true,"href":"https:\/\/zbranebudai.sk\/hu\/wp-json\/wp\/v2\/product_brand?post=13693"},{"taxonomy":"product_cat","embeddable":true,"href":"https:\/\/zbranebudai.sk\/hu\/wp-json\/wp\/v2\/product_cat?post=13693"},{"taxonomy":"product_tag","embeddable":true,"href":"https:\/\/zbranebudai.sk\/hu\/wp-json\/wp\/v2\/product_tag?post=13693"}],"curies":[{"name":"wp","href":"https:\/\/api.w.org\/{rel}","templated":true}]}}