{"id":13687,"date":"2025-02-17T17:55:11","date_gmt":"2025-02-17T15:55:11","guid":{"rendered":"https:\/\/zbranebudai.sk\/product\/revolver-co2-colt-python-357-6-black-kal-45mm-diab-bb\/"},"modified":"2026-04-16T04:13:54","modified_gmt":"2026-04-16T02:13:54","slug":"revolver-co2-colt-python-357-357-6-fekete-kaliber-45mm-diab-bb","status":"publish","type":"product","link":"https:\/\/zbranebudai.sk\/hu\/product\/revolver-co2-colt-python-357-6-black-kal-45mm-diab-bb\/","title":{"rendered":"Revolver CO2 Colt Python .357 6\u2033 fekete, kal. 4.5mm \u00e1tm\u00e9r\u0151j\u0171 \/BB"},"content":{"rendered":"","protected":false},"excerpt":{"rendered":"<p>Revolver CO2 cal. 4,5mm diab.\/BB - goly\u00f3khoz \u00e9s ac\u00e9lgoly\u00f3khoz, szemben. SA\/DA rendszer, polimer fekete, magass\u00e1g \u00e9s oldalir\u00e1nyban \u00e1ll\u00edthat\u00f3 c\u00e9lt\u00e1bla, cs\u0151 150 mm, 10 l\u00f6v\u00e9ses t\u00e1r, m\u00e1sodik \u00e9s harmadik t\u00e1r a csomagban (egy m\u0171anyag t\u00e1r ac\u00e9lgoly\u00f3khoz \u00e9s k\u00e9t f\u00e9m t\u00e1r pelletekhez), k\u00e9zi biztos\u00edt\u00e9k, s\u00faly 561 g, stretch. Sebess\u00e9g ak\u00e1r 110 m\/s (diabolo) vagy 130 m\/s (ac\u00e9l BB).<\/p>","protected":false},"featured_media":6695,"template":"","meta":{"_gspb_post_css":""},"product_brand":[],"product_cat":[1948,1870,1824,1828],"product_tag":[],"class_list":{"0":"post-13687","1":"product","2":"type-product","3":"status-publish","4":"has-post-thumbnail","6":"product_cat-colt-revolvery-na-co2","7":"product_cat-revolvery-na-co2","8":"product_cat-zbrane-18-d","9":"product_cat-zbrane-na-co2","11":"first","12":"instock","13":"taxable","14":"shipping-taxable","15":"purchasable","16":"product-type-simple"},"ct_brands":[],"_links":{"self":[{"href":"https:\/\/zbranebudai.sk\/hu\/wp-json\/wp\/v2\/product\/13687","targetHints":{"allow":["GET"]}}],"collection":[{"href":"https:\/\/zbranebudai.sk\/hu\/wp-json\/wp\/v2\/product"}],"about":[{"href":"https:\/\/zbranebudai.sk\/hu\/wp-json\/wp\/v2\/types\/product"}],"wp:featuredmedia":[{"embeddable":true,"href":"https:\/\/zbranebudai.sk\/hu\/wp-json\/wp\/v2\/media\/6695"}],"wp:attachment":[{"href":"https:\/\/zbranebudai.sk\/hu\/wp-json\/wp\/v2\/media?parent=13687"}],"wp:term":[{"taxonomy":"product_brand","embeddable":true,"href":"https:\/\/zbranebudai.sk\/hu\/wp-json\/wp\/v2\/product_brand?post=13687"},{"taxonomy":"product_cat","embeddable":true,"href":"https:\/\/zbranebudai.sk\/hu\/wp-json\/wp\/v2\/product_cat?post=13687"},{"taxonomy":"product_tag","embeddable":true,"href":"https:\/\/zbranebudai.sk\/hu\/wp-json\/wp\/v2\/product_tag?post=13687"}],"curies":[{"name":"wp","href":"https:\/\/api.w.org\/{rel}","templated":true}]}}