{"id":13677,"date":"2025-02-17T17:55:08","date_gmt":"2025-02-17T15:55:08","guid":{"rendered":"https:\/\/zbranebudai.sk\/product\/hk243-s-sar-kal-223rem\/"},"modified":"2026-04-16T03:52:55","modified_gmt":"2026-04-16T01:52:55","slug":"hk243-sar-cal-223rem","status":"publish","type":"product","link":"https:\/\/zbranebudai.sk\/hu\/product\/hk243-s-sar-kal-223rem\/","title":{"rendered":"HK243 S SAR, cal. .223Rem."},"content":{"rendered":"<p>PARAM\u00c9TEREK:<\/p>\n<p>Cs\u0151hossz: 421 mm\u00a0<br \/>\nTeljes hossz: 667\/912 mm<br \/>\nA tart\u00e1ly kapacit\u00e1sa: 10\u00a0<br \/>\nPicatinny s\u00edn: igen<br \/>\nAnyag: ac\u00e9l<br \/>\nStock: G36, \u00f6sszecsukhat\u00f3<br \/>\nS\u00faly: 3,2 kg<\/p>","protected":false},"excerpt":{"rendered":"<p>HK243 S SAR - \u00f6nt\u00f6lt\u0151 puska, cal. .223Rem., fekete, 10 l\u0151szeres t\u00e1r (polimer), teljes hossza 667\/912 mm, cs\u0151 hossza 421 mm, sz\u00e9less\u00e9ge 65 mm, magass\u00e1ga 234 mm, tervezett hossza 267 mm, a fegyver s\u00falya t\u00e1r n\u00e9lk\u00fcl 3,21 kg, a t\u00e1r s\u00falya 0,07 kg, \u00f6sszecsukhat\u00f3 sz\u00e1r, polimer alkar, polimer s\u00edn optika r\u00f6gz\u00edt\u00e9s\u00e9re, dioptri\u00e1s c\u00e9lz\u00f3k\u00e9sz\u00fcl\u00e9k. K\u00e9tkezes reteszbiztos\u00edt\u00e1s \u00e9s reteszfoganty\u00fa, k\u00f6z\u00e9ps\u0151 t\u00e1rkiold\u00f3, menetes torkolatfed\u00e9l. Lehets\u00e9ges \u00e1talak\u00edt\u00e1s SAR-r\u00f3l TAR-ra (\u00e9s ford\u00edtva). A HK243 egy polg\u00e1ri \u00f6nt\u00f6lt\u0151 c\u00e9ll\u00f6v\u0151 puska, amely a HK G36 konstrukci\u00f3n alapul. Kifejezetten a dinamikus sport\u00e1gakhoz fejlesztett\u00e9k ki, \u00e9s a hadseregben haszn\u00e1lt HK G36 magas min\u0151s\u00e9g\u00e9re \u00e9p\u00fcl.<\/p>","protected":false},"featured_media":6665,"template":"","meta":{"_gspb_post_css":""},"product_brand":[],"product_cat":[1821,1868,1867,1944,1820],"product_tag":[],"class_list":{"0":"post-13677","1":"product","2":"type-product","3":"status-publish","4":"has-post-thumbnail","6":"product_cat-gulovnice-zbrane-b-c","7":"product_cat-gulovnice-hk","8":"product_cat-heckler-koch-gulovnice-zbrane-b-c","9":"product_cat-hk243","10":"product_cat-zbrane-b-c","12":"first","13":"outofstock","14":"taxable","15":"shipping-taxable","16":"purchasable","17":"product-type-simple"},"ct_brands":[],"_links":{"self":[{"href":"https:\/\/zbranebudai.sk\/hu\/wp-json\/wp\/v2\/product\/13677","targetHints":{"allow":["GET"]}}],"collection":[{"href":"https:\/\/zbranebudai.sk\/hu\/wp-json\/wp\/v2\/product"}],"about":[{"href":"https:\/\/zbranebudai.sk\/hu\/wp-json\/wp\/v2\/types\/product"}],"wp:featuredmedia":[{"embeddable":true,"href":"https:\/\/zbranebudai.sk\/hu\/wp-json\/wp\/v2\/media\/6665"}],"wp:attachment":[{"href":"https:\/\/zbranebudai.sk\/hu\/wp-json\/wp\/v2\/media?parent=13677"}],"wp:term":[{"taxonomy":"product_brand","embeddable":true,"href":"https:\/\/zbranebudai.sk\/hu\/wp-json\/wp\/v2\/product_brand?post=13677"},{"taxonomy":"product_cat","embeddable":true,"href":"https:\/\/zbranebudai.sk\/hu\/wp-json\/wp\/v2\/product_cat?post=13677"},{"taxonomy":"product_tag","embeddable":true,"href":"https:\/\/zbranebudai.sk\/hu\/wp-json\/wp\/v2\/product_tag?post=13677"}],"curies":[{"name":"wp","href":"https:\/\/api.w.org\/{rel}","templated":true}]}}