{"id":13670,"date":"2025-02-17T17:55:07","date_gmt":"2025-02-17T15:55:07","guid":{"rendered":"https:\/\/zbranebudai.sk\/product\/vodiaci-blok-s-vyhadzovacom-g42-g43-33228\/"},"modified":"2026-04-16T05:00:11","modified_gmt":"2026-04-16T03:00:11","slug":"vezetoblokk-kilovovel-g42-g43-33228","status":"publish","type":"product","link":"https:\/\/zbranebudai.sk\/hu\/product\/vodiaci-blok-s-vyhadzovacom-g42-g43-33228\/","title":{"rendered":"Vez\u00e9rl\u0151t\u00f6mb kil\u00f6v\u0151vel G42\/G43 (33228)"},"content":{"rendered":"","protected":false},"excerpt":{"rendered":"","protected":false},"featured_media":0,"template":"","meta":{"_gspb_post_css":""},"product_brand":[],"product_cat":[1908,1909,1864,1820],"product_tag":[],"class_list":{"0":"post-13670","1":"product","2":"type-product","3":"status-publish","5":"product_cat-glock-prislusenstvo","6":"product_cat-nahradne-diely-glock","7":"product_cat-pistole-zbrane-b-c","8":"product_cat-zbrane-b-c","10":"first","11":"instock","12":"taxable","13":"shipping-taxable","14":"purchasable","15":"product-type-simple"},"ct_brands":[],"_links":{"self":[{"href":"https:\/\/zbranebudai.sk\/hu\/wp-json\/wp\/v2\/product\/13670","targetHints":{"allow":["GET"]}}],"collection":[{"href":"https:\/\/zbranebudai.sk\/hu\/wp-json\/wp\/v2\/product"}],"about":[{"href":"https:\/\/zbranebudai.sk\/hu\/wp-json\/wp\/v2\/types\/product"}],"wp:attachment":[{"href":"https:\/\/zbranebudai.sk\/hu\/wp-json\/wp\/v2\/media?parent=13670"}],"wp:term":[{"taxonomy":"product_brand","embeddable":true,"href":"https:\/\/zbranebudai.sk\/hu\/wp-json\/wp\/v2\/product_brand?post=13670"},{"taxonomy":"product_cat","embeddable":true,"href":"https:\/\/zbranebudai.sk\/hu\/wp-json\/wp\/v2\/product_cat?post=13670"},{"taxonomy":"product_tag","embeddable":true,"href":"https:\/\/zbranebudai.sk\/hu\/wp-json\/wp\/v2\/product_tag?post=13670"}],"curies":[{"name":"wp","href":"https:\/\/api.w.org\/{rel}","templated":true}]}}