{"id":13669,"date":"2025-02-17T17:55:07","date_gmt":"2025-02-17T15:55:07","guid":{"rendered":"https:\/\/zbranebudai.sk\/product\/dvojnozka-m08-pre-sako-trg-22-42\/"},"modified":"2026-04-30T09:42:27","modified_gmt":"2026-04-30T07:42:27","slug":"m08-bipod-m08-kabat-negyzet-alaku-22-42","status":"publish","type":"product","link":"https:\/\/zbranebudai.sk\/hu\/product\/dvojnozka-m08-pre-sako-trg-22-42\/","title":{"rendered":"M08 k\u00e9tl\u00e1b\u00fa \u00e1llv\u00e1ny Jacket TRG-22\/42-hez"},"content":{"rendered":"","protected":false},"excerpt":{"rendered":"","protected":false},"featured_media":6643,"template":"","meta":{"_gspb_post_css":""},"product_brand":[],"product_cat":[1942,1821,1928,1822,1820],"product_tag":[],"class_list":{"0":"post-13669","1":"product","2":"type-product","3":"status-publish","4":"has-post-thumbnail","6":"product_cat-dvojnozky","7":"product_cat-gulovnice-zbrane-b-c","8":"product_cat-prislusenstvo-sako","9":"product_cat-sako","10":"product_cat-zbrane-b-c","12":"first","13":"instock","14":"taxable","15":"shipping-taxable","16":"purchasable","17":"product-type-simple"},"ct_brands":[],"_links":{"self":[{"href":"https:\/\/zbranebudai.sk\/hu\/wp-json\/wp\/v2\/product\/13669","targetHints":{"allow":["GET"]}}],"collection":[{"href":"https:\/\/zbranebudai.sk\/hu\/wp-json\/wp\/v2\/product"}],"about":[{"href":"https:\/\/zbranebudai.sk\/hu\/wp-json\/wp\/v2\/types\/product"}],"wp:featuredmedia":[{"embeddable":true,"href":"https:\/\/zbranebudai.sk\/hu\/wp-json\/wp\/v2\/media\/6643"}],"wp:attachment":[{"href":"https:\/\/zbranebudai.sk\/hu\/wp-json\/wp\/v2\/media?parent=13669"}],"wp:term":[{"taxonomy":"product_brand","embeddable":true,"href":"https:\/\/zbranebudai.sk\/hu\/wp-json\/wp\/v2\/product_brand?post=13669"},{"taxonomy":"product_cat","embeddable":true,"href":"https:\/\/zbranebudai.sk\/hu\/wp-json\/wp\/v2\/product_cat?post=13669"},{"taxonomy":"product_tag","embeddable":true,"href":"https:\/\/zbranebudai.sk\/hu\/wp-json\/wp\/v2\/product_tag?post=13669"}],"curies":[{"name":"wp","href":"https:\/\/api.w.org\/{rel}","templated":true}]}}