{"id":13664,"date":"2025-02-17T17:55:07","date_gmt":"2025-02-17T15:55:07","guid":{"rendered":"https:\/\/zbranebudai.sk\/product\/ruger-lcr-5410-kal-22lr\/"},"modified":"2026-04-16T03:48:00","modified_gmt":"2026-04-16T01:48:00","slug":"ruger-lcr-5410-cal-22lr","status":"publish","type":"product","link":"https:\/\/zbranebudai.sk\/hu\/product\/ruger-lcr-5410-kal-22lr\/","title":{"rendered":"Ruger LCR 5410, cal. .22LR"},"content":{"rendered":"<p>PARAM\u00c9TEREK:<\/p>\n<p>Kapacit\u00e1s: 8 t\u00f6lt\u00e9ny<br \/>\nCs\u0151hossz: 47 mm (1.87\u2033)<br \/>\nTeljes hossz: 165 mm<br \/>\nCs\u0151oszt\u00e1s: 1:16\u2033 RH<br \/>\nAnyag: S-7000 + matt fekete<br \/>\nS\u00faly: 422 g<\/p>","protected":false},"excerpt":{"rendered":"<p>Ruger LCR duplacsap\u00e1s\u00fa revolverek rejtett \u00fct\u0151kakasokkal. Monolitikus v\u00e1z integr\u00e1lt ir\u00e1nyz\u00e9kkal. Szabadalmaztatott s\u00farl\u00f3d\u00e1scs\u00f6kkent\u0151 b\u00fcty\u00f6k a sima ravaszh\u00faz\u00e1s\u00e9rt. Rozsdamentes ac\u00e9l henger PVD bevonattal a kiv\u00e1l\u00f3 tart\u00f3ss\u00e1g \u00e9rdek\u00e9ben. Hogue \u00ae Tamer Monogrip \u00ae cs\u00f6kkenti az \u00e9rz\u00e9kelhet\u0151 visszar\u00fag\u00e1st. Lehet\u0151s\u00e9g m\u00e1s markolatok, vagy egyedi markolatok felszerel\u00e9s\u00e9re.<\/p>","protected":false},"featured_media":6629,"template":"","meta":{"_gspb_post_css":""},"product_brand":[],"product_cat":[1907,1858,1859,1820],"product_tag":[],"class_list":{"0":"post-13664","1":"product","2":"type-product","3":"status-publish","4":"has-post-thumbnail","6":"product_cat-lcr","7":"product_cat-revolvery-zbrane-b-c","8":"product_cat-ruger-revolvery-zbrane-b-c","9":"product_cat-zbrane-b-c","11":"first","12":"instock","13":"taxable","14":"shipping-taxable","15":"purchasable","16":"product-type-simple"},"ct_brands":[],"_links":{"self":[{"href":"https:\/\/zbranebudai.sk\/hu\/wp-json\/wp\/v2\/product\/13664","targetHints":{"allow":["GET"]}}],"collection":[{"href":"https:\/\/zbranebudai.sk\/hu\/wp-json\/wp\/v2\/product"}],"about":[{"href":"https:\/\/zbranebudai.sk\/hu\/wp-json\/wp\/v2\/types\/product"}],"wp:featuredmedia":[{"embeddable":true,"href":"https:\/\/zbranebudai.sk\/hu\/wp-json\/wp\/v2\/media\/6629"}],"wp:attachment":[{"href":"https:\/\/zbranebudai.sk\/hu\/wp-json\/wp\/v2\/media?parent=13664"}],"wp:term":[{"taxonomy":"product_brand","embeddable":true,"href":"https:\/\/zbranebudai.sk\/hu\/wp-json\/wp\/v2\/product_brand?post=13664"},{"taxonomy":"product_cat","embeddable":true,"href":"https:\/\/zbranebudai.sk\/hu\/wp-json\/wp\/v2\/product_cat?post=13664"},{"taxonomy":"product_tag","embeddable":true,"href":"https:\/\/zbranebudai.sk\/hu\/wp-json\/wp\/v2\/product_tag?post=13664"}],"curies":[{"name":"wp","href":"https:\/\/api.w.org\/{rel}","templated":true}]}}