{"id":13663,"date":"2025-02-17T17:55:07","date_gmt":"2025-02-17T15:55:07","guid":{"rendered":"https:\/\/zbranebudai.sk\/product\/ruger-gp100-match-champion-1754-kal-357mag\/"},"modified":"2026-04-16T04:21:54","modified_gmt":"2026-04-16T02:21:54","slug":"ruger-gp100-match-champion-1754-cal-357mag","status":"publish","type":"product","link":"https:\/\/zbranebudai.sk\/hu\/product\/ruger-gp100-match-champion-1754-kal-357mag\/","title":{"rendered":"Ruger GP100 Match Champion 1754, cal. .357Mag."},"content":{"rendered":"<p>PARAM\u00c9TEREK:<\/p>\n<p>Kapacit\u00e1s: 6 t\u00f6lt\u00e9ny<br \/>\nCs\u0151hossz: 107 mm (4.2\u2033)<br \/>\nTeljes hossz: 241 mm<br \/>\nCs\u0151oszt\u00e1s: 1:18.75\u2033 RH<br \/>\nAnyag: Rozsdamentes ac\u00e9l<br \/>\nS\u00faly: 1,08 kg<\/p>","protected":false},"excerpt":{"rendered":"<p>Ruger GP100 Match Champion 1754 rozsdamentes ac\u00e9lb\u00f3l, 4,2\"-os cs\u0151vel \u00e9s tov\u00e1bbfejlesztett ravasszal. A pol\u00edrozott \u00e9s optimaliz\u00e1lt bels\u0151 r\u00e9szek, a ravaszon l\u00e9v\u0151 centr\u00e1l\u00f3fej \u00e9s a kalap\u00e1cson l\u00e9v\u0151 centr\u00e1l\u00f3bet\u00e9tek biztos\u00edtj\u00e1k a sima m\u0171k\u00f6d\u00e9s\u0171, kett\u0151s m\u0171k\u00f6d\u00e9s\u0171 ravaszt \u00e9s az \u00e9les, k\u00f6vetkezetes kiold\u00e1st. Fix Novak \u00ae LoMount Carry l\u00e1tcs\u0151 \u00e9s z\u00f6ld f\u00e9nyvezet\u0151 sz\u00e1las l\u00e1tcs\u0151. Hogue \u00ae kem\u00e9nyfa markolat bord\u00e1z\u00e1ssal az ide\u00e1lis fog\u00e1s \u00e9s a versenyl\u00f6v\u00e9szet \u00e9rdek\u00e9ben.<\/p>","protected":false},"featured_media":6627,"template":"","meta":{"_gspb_post_css":""},"product_brand":[],"product_cat":[1886,1858,1859,1820],"product_tag":[],"class_list":{"0":"post-13663","1":"product","2":"type-product","3":"status-publish","4":"has-post-thumbnail","6":"product_cat-gp100","7":"product_cat-revolvery-zbrane-b-c","8":"product_cat-ruger-revolvery-zbrane-b-c","9":"product_cat-zbrane-b-c","11":"first","12":"instock","13":"taxable","14":"shipping-taxable","15":"purchasable","16":"product-type-simple"},"ct_brands":[],"_links":{"self":[{"href":"https:\/\/zbranebudai.sk\/hu\/wp-json\/wp\/v2\/product\/13663","targetHints":{"allow":["GET"]}}],"collection":[{"href":"https:\/\/zbranebudai.sk\/hu\/wp-json\/wp\/v2\/product"}],"about":[{"href":"https:\/\/zbranebudai.sk\/hu\/wp-json\/wp\/v2\/types\/product"}],"wp:featuredmedia":[{"embeddable":true,"href":"https:\/\/zbranebudai.sk\/hu\/wp-json\/wp\/v2\/media\/6627"}],"wp:attachment":[{"href":"https:\/\/zbranebudai.sk\/hu\/wp-json\/wp\/v2\/media?parent=13663"}],"wp:term":[{"taxonomy":"product_brand","embeddable":true,"href":"https:\/\/zbranebudai.sk\/hu\/wp-json\/wp\/v2\/product_brand?post=13663"},{"taxonomy":"product_cat","embeddable":true,"href":"https:\/\/zbranebudai.sk\/hu\/wp-json\/wp\/v2\/product_cat?post=13663"},{"taxonomy":"product_tag","embeddable":true,"href":"https:\/\/zbranebudai.sk\/hu\/wp-json\/wp\/v2\/product_tag?post=13663"}],"curies":[{"name":"wp","href":"https:\/\/api.w.org\/{rel}","templated":true}]}}