{"id":13662,"date":"2025-02-17T17:55:07","date_gmt":"2025-02-17T15:55:07","guid":{"rendered":"https:\/\/zbranebudai.sk\/product\/ruger-american-rifle-standard-6904-kal-243win\/"},"modified":"2025-08-31T02:30:32","modified_gmt":"2025-08-31T00:30:32","slug":"ruger-american-puska-standard-6904-cal-243win","status":"publish","type":"product","link":"https:\/\/zbranebudai.sk\/hu\/product\/ruger-american-rifle-standard-6904-kal-243win\/","title":{"rendered":"Ruger American Rifle Standard 6904, cal. .243Win."},"content":{"rendered":"<p>PARAM\u00c9TEREK:<\/p>\n<p>Cs\u0151hossz: 55,9 cm (22 in)<br \/>\nTeljes hossz: 106,6 cm<br \/>\nT\u00e1lcakapacit\u00e1s: 4\u00a0<br \/>\nHord\u00f3 oszt\u00e1s: 1:9<br \/>\nPicatinny s\u00edn: igen<br \/>\nAnyag: ac\u00e9l<br \/>\n\u00cdg\u00e9ret: Szintetikus<br \/>\nS\u00faly: 2,8 kg<\/p>","protected":false},"excerpt":{"rendered":"<p>A Ruger American Rifle\u00ae egy k\u00f6nny\u0171, k\u00f6nnyen kezelhet\u0151 \u00e9s pontos puska, amely innovat\u00edv kialak\u00edt\u00e1s\u00fa, modern anyagok felhaszn\u00e1l\u00e1s\u00e1val k\u00e9sz\u00fclt, \u00e9s amelyet zord id\u0151j\u00e1r\u00e1si k\u00f6r\u00fclm\u00e9nyek k\u00f6z\u00f6tti haszn\u00e1latra terveztek. Az ergonomikus \u00e9s k\u00f6nny\u0171, puha fen\u00e9kny\u00e9llel ell\u00e1tott, m\u0171anyagb\u00f3l k\u00e9sz\u00fclt l\u00f6v\u00e9sz\u00e1rok a klasszikus kialak\u00edt\u00e1st modern form\u00e1j\u00fa markolattal \u00e9s a markolatpontokn\u00e1l l\u00e9v\u0151 fogaz\u00e1sokkal \u00f6tv\u00f6zi. A fegyver k\u00e9zi biztos\u00edt\u00f3val \u00e9s ravaszbiztos\u00edt\u00e1ssal rendelkezik, a cs\u00faszka 70\u00b0-os sz\u00f6gben kifordul \u00e9s 3 fogaz\u00e1ssal rendelkezik. A ravasz ellen\u00e1ll\u00e1sa 1,36 - 2,27 kg (3 - 5 font) k\u00f6z\u00f6tt \u00e1ll\u00edthat\u00f3. A Ruger American Rifle Gen II Predator ide\u00e1lis puska az eg\u00e9sz napos, hossz\u00fa erdei vad\u00e1szatokhoz, ahol k\u00fcl\u00f6n\u00f6sen \u00e9rt\u00e9kelni fogja a k\u00f6nny\u0171 s\u00falyt \u00e9s a nagy visszar\u00fag\u00e1st. Az \u00faj, durva text\u00far\u00e1j\u00fa fel\u00fcletnek k\u00f6sz\u00f6nhet\u0151en a puska j\u00f3 fog\u00e1st \u00e9s biztos tart\u00e1st biztos\u00edt m\u00e9g kih\u00edv\u00e1st jelent\u0151 id\u0151j\u00e1r\u00e1si k\u00f6r\u00fclm\u00e9nyek k\u00f6z\u00f6tt is. Az egyedi spir\u00e1lis cs\u0151form\u00e1val egy\u00fctt eredeti diz\u00e1jndarabot alkotnak. Puha gumipont tov\u00e1bbfejlesztett, fokozatosan lejt\u0151 geometri\u00e1val a visszar\u00fag\u00e1s cs\u00f6kkent\u00e9se \u00e9rdek\u00e9ben. A cs\u00f6v\u00f6n, a torkolatf\u00e9ken \u00e9s a cs\u00faszd\u00e1n tal\u00e1lhat\u00f3 Cerakote\u00ae bevonat n\u00f6veli a tart\u00f3ss\u00e1got \u00e9s biztos\u00edtja a k\u00f6nny\u0171 tiszt\u00edthat\u00f3s\u00e1got. Hidegen kov\u00e1csolt cs\u0151 m\u00e9ly spir\u00e1lis hornyokkal, amelyek cs\u00f6kkentik a s\u00falyt a cs\u0151 v\u00e9g\u00e9n, jav\u00edtva az egyens\u00falyt an\u00e9lk\u00fcl, hogy a tart\u00f3ss\u00e1g vagy a pontoss\u00e1g fel\u00e1ldozn\u00e1. \u00c1ll\u00edthat\u00f3 ravasz 1,4 \u00e9s 2,3 kg k\u00f6z\u00f6tt. Tartalmaz egy fesz\u00edt\u0151f\u00e9ket. K\u00e9szletre 2024 november\u00e9ben fogunk rakt\u00e1rozni<\/p>","protected":false},"featured_media":6625,"template":"","meta":{"_gspb_post_css":""},"product_brand":[],"product_cat":[1821,1837,1873,1936,1820],"product_tag":[],"class_list":{"0":"post-13662","1":"product","2":"type-product","3":"status-publish","4":"has-post-thumbnail","6":"product_cat-gulovnice-zbrane-b-c","7":"product_cat-ruger","8":"product_cat-ruger-american-rifle","9":"product_cat-standard","10":"product_cat-zbrane-b-c","12":"first","13":"outofstock","14":"taxable","15":"shipping-taxable","16":"purchasable","17":"product-type-simple"},"ct_brands":[],"_links":{"self":[{"href":"https:\/\/zbranebudai.sk\/hu\/wp-json\/wp\/v2\/product\/13662","targetHints":{"allow":["GET"]}}],"collection":[{"href":"https:\/\/zbranebudai.sk\/hu\/wp-json\/wp\/v2\/product"}],"about":[{"href":"https:\/\/zbranebudai.sk\/hu\/wp-json\/wp\/v2\/types\/product"}],"wp:featuredmedia":[{"embeddable":true,"href":"https:\/\/zbranebudai.sk\/hu\/wp-json\/wp\/v2\/media\/6625"}],"wp:attachment":[{"href":"https:\/\/zbranebudai.sk\/hu\/wp-json\/wp\/v2\/media?parent=13662"}],"wp:term":[{"taxonomy":"product_brand","embeddable":true,"href":"https:\/\/zbranebudai.sk\/hu\/wp-json\/wp\/v2\/product_brand?post=13662"},{"taxonomy":"product_cat","embeddable":true,"href":"https:\/\/zbranebudai.sk\/hu\/wp-json\/wp\/v2\/product_cat?post=13662"},{"taxonomy":"product_tag","embeddable":true,"href":"https:\/\/zbranebudai.sk\/hu\/wp-json\/wp\/v2\/product_tag?post=13662"}],"curies":[{"name":"wp","href":"https:\/\/api.w.org\/{rel}","templated":true}]}}