{"id":13661,"date":"2025-02-17T17:55:06","date_gmt":"2025-02-17T15:55:06","guid":{"rendered":"https:\/\/zbranebudai.sk\/product\/ruger-american-rimfire-standard-8301-kal-22lr\/"},"modified":"2025-09-06T09:58:24","modified_gmt":"2025-09-06T07:58:24","slug":"ruger-american-rimfire-standard-8301-cal-22lr","status":"publish","type":"product","link":"https:\/\/zbranebudai.sk\/hu\/product\/ruger-american-rimfire-standard-8301-kal-22lr\/","title":{"rendered":"Ruger American Rimfire Standard 8301, cal. .22LR"},"content":{"rendered":"<p>PARAM\u00c9TEREK:<\/p>\n<p>Cs\u0151hossz: 55,9 cm (22 in)<br \/>\nTeljes hossz: 104 cm<br \/>\nA tart\u00e1ly kapacit\u00e1sa: 10<br \/>\nHord\u00f3nagys\u00e1g: 1:16<br \/>\nPicatinny s\u00edn: nem<br \/>\nAnyag: ac\u00e9l<br \/>\n\u00cdg\u00e9ret: Szintetikus\u00a0<br \/>\nS\u00faly: 2,7 kg<\/p>","protected":false},"excerpt":{"rendered":"<p>Ruger American Rimfire ism\u00e9tl\u0151puska, amely fejlett anyagokb\u00f3l k\u00e9sz\u00fclt, a praktikumra \u00e9s a megfizethet\u0151s\u00e9gre helyezve a hangs\u00falyt. A modern kont\u00faroz\u00e1s \u00e9s a cs\u00fasz\u00e1smentes text\u00fara a pisztolymarkolaton \u00e9s az el\u0151markolaton szil\u00e1rd fog\u00e1st biztos\u00edt m\u00e9g kedvez\u0151tlen id\u0151j\u00e1r\u00e1si k\u00f6r\u00fclm\u00e9nyek k\u00f6z\u00f6tt is.<\/p>","protected":false},"featured_media":6623,"template":"","meta":{"_gspb_post_css":""},"product_brand":[],"product_cat":[1821,1837,1941,1820],"product_tag":[],"class_list":{"0":"post-13661","1":"product","2":"type-product","3":"status-publish","4":"has-post-thumbnail","6":"product_cat-gulovnice-zbrane-b-c","7":"product_cat-ruger","8":"product_cat-ruger-american-rimfire","9":"product_cat-zbrane-b-c","11":"first","12":"instock","13":"taxable","14":"shipping-taxable","15":"purchasable","16":"product-type-simple"},"ct_brands":[],"_links":{"self":[{"href":"https:\/\/zbranebudai.sk\/hu\/wp-json\/wp\/v2\/product\/13661","targetHints":{"allow":["GET"]}}],"collection":[{"href":"https:\/\/zbranebudai.sk\/hu\/wp-json\/wp\/v2\/product"}],"about":[{"href":"https:\/\/zbranebudai.sk\/hu\/wp-json\/wp\/v2\/types\/product"}],"wp:featuredmedia":[{"embeddable":true,"href":"https:\/\/zbranebudai.sk\/hu\/wp-json\/wp\/v2\/media\/6623"}],"wp:attachment":[{"href":"https:\/\/zbranebudai.sk\/hu\/wp-json\/wp\/v2\/media?parent=13661"}],"wp:term":[{"taxonomy":"product_brand","embeddable":true,"href":"https:\/\/zbranebudai.sk\/hu\/wp-json\/wp\/v2\/product_brand?post=13661"},{"taxonomy":"product_cat","embeddable":true,"href":"https:\/\/zbranebudai.sk\/hu\/wp-json\/wp\/v2\/product_cat?post=13661"},{"taxonomy":"product_tag","embeddable":true,"href":"https:\/\/zbranebudai.sk\/hu\/wp-json\/wp\/v2\/product_tag?post=13661"}],"curies":[{"name":"wp","href":"https:\/\/api.w.org\/{rel}","templated":true}]}}