{"id":13660,"date":"2025-02-17T17:55:06","date_gmt":"2025-02-17T15:55:06","guid":{"rendered":"https:\/\/zbranebudai.sk\/product\/spielberg-brno-200f-carbine-kal-6mm-me-flobert-court-buk-pazba-s-rybinou\/"},"modified":"2026-04-23T06:39:16","modified_gmt":"2026-04-23T04:39:16","slug":"spielberg-brno-200f-karabely-cal-6mm-me-flobert-udvar-bukk-karom-halakkal","status":"publish","type":"product","link":"https:\/\/zbranebudai.sk\/hu\/product\/spielberg-brno-200f-carbine-kal-6mm-me-flobert-court-buk-pazba-s-rybinou\/","title":{"rendered":"Spielberg Brno 200F CARBINE, cal. 6mm ME Flobert udvar, b\u00fckk. \u00e1llom\u00e1ny halsz\u00e1lk\u00e1s"},"content":{"rendered":"","protected":false},"excerpt":{"rendered":"<p>D fegyverkateg\u00f3ria (energia legfeljebb 7,5 J). L\u00f6v\u00e9skor a g\u00e1zok egy r\u00e9sze a cs\u0151b\u0151l az alkarba ker\u00fcl, \u00edgy a l\u00f6ved\u00e9k energi\u00e1ja a torkolatn\u00e1l a t\u00f6rv\u00e9nyes maxim\u00e1lis 7,5 J \u00e9rt\u00e9kre cs\u00f6kken. B\u00fckkb\u0151l k\u00e9sz\u00fclt, halsz\u00e1lk\u00e1s \u00e1llom\u00e1ny. Teljes hossza 715 mm, cs\u0151 hossza 310 mm (12 horony). A 200F modellhez k\u00e9pest a cs\u0151 185 mm-rel, a sz\u00e1r pedig 50 mm-rel r\u00f6vid\u00fclt. A torkolatn\u00e1l 1\/2\u2033-20 UNF menettel rendelkezik, a tartoz\u00e9kok felszerel\u00e9s\u00e9hez sz\u00fcks\u00e9ges menettakar\u00f3val. Oldalra \u00e1ll\u00edthat\u00f3 ir\u00e1nyz\u00e9k, 11 mm-es hornyok optika felszerel\u00e9s\u00e9hez. Sima ravasz \u00e9s reteszel\u00e9s, min\u0151s\u00e9gi kivitelez\u00e9s. Gy\u00e1rt\u00f3.<\/p>","protected":false},"featured_media":6621,"template":"","meta":{"_gspb_post_css":""},"product_brand":[],"product_cat":[1880,1882,1881,1824],"product_tag":[],"class_list":{"0":"post-13660","1":"product","2":"type-product","3":"status-publish","4":"has-post-thumbnail","6":"product_cat-flobertky","7":"product_cat-fobertky-spielberg-brno","8":"product_cat-spielberg-brno","9":"product_cat-zbrane-18-d","11":"first","12":"outofstock","13":"taxable","14":"shipping-taxable","15":"purchasable","16":"product-type-simple"},"ct_brands":[],"_links":{"self":[{"href":"https:\/\/zbranebudai.sk\/hu\/wp-json\/wp\/v2\/product\/13660","targetHints":{"allow":["GET"]}}],"collection":[{"href":"https:\/\/zbranebudai.sk\/hu\/wp-json\/wp\/v2\/product"}],"about":[{"href":"https:\/\/zbranebudai.sk\/hu\/wp-json\/wp\/v2\/types\/product"}],"wp:featuredmedia":[{"embeddable":true,"href":"https:\/\/zbranebudai.sk\/hu\/wp-json\/wp\/v2\/media\/6621"}],"wp:attachment":[{"href":"https:\/\/zbranebudai.sk\/hu\/wp-json\/wp\/v2\/media?parent=13660"}],"wp:term":[{"taxonomy":"product_brand","embeddable":true,"href":"https:\/\/zbranebudai.sk\/hu\/wp-json\/wp\/v2\/product_brand?post=13660"},{"taxonomy":"product_cat","embeddable":true,"href":"https:\/\/zbranebudai.sk\/hu\/wp-json\/wp\/v2\/product_cat?post=13660"},{"taxonomy":"product_tag","embeddable":true,"href":"https:\/\/zbranebudai.sk\/hu\/wp-json\/wp\/v2\/product_tag?post=13660"}],"curies":[{"name":"wp","href":"https:\/\/api.w.org\/{rel}","templated":true}]}}