{"id":13659,"date":"2025-02-17T17:55:06","date_gmt":"2025-02-17T15:55:06","guid":{"rendered":"https:\/\/zbranebudai.sk\/product\/pultovy-drziak-zbrane-umarex\/"},"modified":"2026-05-14T14:51:26","modified_gmt":"2026-05-14T12:51:26","slug":"umarex-pultra-szerelheto-fegyvertarto","status":"publish","type":"product","link":"https:\/\/zbranebudai.sk\/hu\/product\/pultovy-drziak-zbrane-umarex\/","title":{"rendered":"Umarex pultra szerelhet\u0151 fegyvertart\u00f3"},"content":{"rendered":"","protected":false},"excerpt":{"rendered":"<p>\u00dczletekbe val\u00f3 piros m\u0171anyag fegyvertart\u00f3 Umarex log\u00f3val.<\/p>","protected":false},"featured_media":6619,"template":"","meta":{"_gspb_post_css":""},"product_brand":[],"product_cat":[1833,1824,1828],"product_tag":[],"class_list":{"0":"post-13659","1":"product","2":"type-product","3":"status-publish","4":"has-post-thumbnail","6":"product_cat-co2-prislusenstvo","7":"product_cat-zbrane-18-d","8":"product_cat-zbrane-na-co2","10":"first","11":"instock","12":"taxable","13":"shipping-taxable","14":"purchasable","15":"product-type-simple"},"ct_brands":[],"_links":{"self":[{"href":"https:\/\/zbranebudai.sk\/hu\/wp-json\/wp\/v2\/product\/13659","targetHints":{"allow":["GET"]}}],"collection":[{"href":"https:\/\/zbranebudai.sk\/hu\/wp-json\/wp\/v2\/product"}],"about":[{"href":"https:\/\/zbranebudai.sk\/hu\/wp-json\/wp\/v2\/types\/product"}],"wp:featuredmedia":[{"embeddable":true,"href":"https:\/\/zbranebudai.sk\/hu\/wp-json\/wp\/v2\/media\/6619"}],"wp:attachment":[{"href":"https:\/\/zbranebudai.sk\/hu\/wp-json\/wp\/v2\/media?parent=13659"}],"wp:term":[{"taxonomy":"product_brand","embeddable":true,"href":"https:\/\/zbranebudai.sk\/hu\/wp-json\/wp\/v2\/product_brand?post=13659"},{"taxonomy":"product_cat","embeddable":true,"href":"https:\/\/zbranebudai.sk\/hu\/wp-json\/wp\/v2\/product_cat?post=13659"},{"taxonomy":"product_tag","embeddable":true,"href":"https:\/\/zbranebudai.sk\/hu\/wp-json\/wp\/v2\/product_tag?post=13659"}],"curies":[{"name":"wp","href":"https:\/\/api.w.org\/{rel}","templated":true}]}}