{"id":13657,"date":"2025-02-17T17:55:06","date_gmt":"2025-02-17T15:55:06","guid":{"rendered":"https:\/\/zbranebudai.sk\/product\/podlozka-pruziny-zasobnika-glock-9x19-1693\/"},"modified":"2026-04-16T05:20:54","modified_gmt":"2026-04-16T03:20:54","slug":"glock-9x19-1693-tarfeltolto-pad","status":"publish","type":"product","link":"https:\/\/zbranebudai.sk\/hu\/product\/podlozka-pruziny-zasobnika-glock-9x19-1693\/","title":{"rendered":"GLOCK 9\u00d719 t\u00e1rrug\u00f3 al\u00e1t\u00e9t (1693)"},"content":{"rendered":"","protected":false},"excerpt":{"rendered":"<p>Minden 3. \u00e9s 4. gener\u00e1ci\u00f3s GLOCK modellhez 9\u00d719-es kaliberben, kiv\u00e9ve a G43-at.<\/p>","protected":false},"featured_media":6602,"template":"","meta":{"_gspb_post_css":""},"product_brand":[],"product_cat":[1908,1864,1914,1820],"product_tag":[],"class_list":{"0":"post-13657","1":"product","2":"type-product","3":"status-publish","4":"has-post-thumbnail","6":"product_cat-glock-prislusenstvo","7":"product_cat-pistole-zbrane-b-c","8":"product_cat-zasobniky-glock","9":"product_cat-zbrane-b-c","11":"first","12":"instock","13":"taxable","14":"shipping-taxable","15":"purchasable","16":"product-type-simple"},"ct_brands":[],"_links":{"self":[{"href":"https:\/\/zbranebudai.sk\/hu\/wp-json\/wp\/v2\/product\/13657","targetHints":{"allow":["GET"]}}],"collection":[{"href":"https:\/\/zbranebudai.sk\/hu\/wp-json\/wp\/v2\/product"}],"about":[{"href":"https:\/\/zbranebudai.sk\/hu\/wp-json\/wp\/v2\/types\/product"}],"wp:featuredmedia":[{"embeddable":true,"href":"https:\/\/zbranebudai.sk\/hu\/wp-json\/wp\/v2\/media\/6602"}],"wp:attachment":[{"href":"https:\/\/zbranebudai.sk\/hu\/wp-json\/wp\/v2\/media?parent=13657"}],"wp:term":[{"taxonomy":"product_brand","embeddable":true,"href":"https:\/\/zbranebudai.sk\/hu\/wp-json\/wp\/v2\/product_brand?post=13657"},{"taxonomy":"product_cat","embeddable":true,"href":"https:\/\/zbranebudai.sk\/hu\/wp-json\/wp\/v2\/product_cat?post=13657"},{"taxonomy":"product_tag","embeddable":true,"href":"https:\/\/zbranebudai.sk\/hu\/wp-json\/wp\/v2\/product_tag?post=13657"}],"curies":[{"name":"wp","href":"https:\/\/api.w.org\/{rel}","templated":true}]}}