{"id":13656,"date":"2025-02-17T17:55:06","date_gmt":"2025-02-17T15:55:06","guid":{"rendered":"https:\/\/zbranebudai.sk\/product\/muska-polymerova-49-33366\/"},"modified":"2026-04-16T05:39:03","modified_gmt":"2026-04-16T03:39:03","slug":"legypolimer-49-33366","status":"publish","type":"product","link":"https:\/\/zbranebudai.sk\/hu\/product\/muska-polymerova-49-33366\/","title":{"rendered":"Polimer l\u00e9gy 4,9 (33366)"},"content":{"rendered":"","protected":false},"excerpt":{"rendered":"<p>Nem szabv\u00e1nyos magass\u00e1g\u00fa (magasabb) GLOCK pisztolyokhoz, csavarral szerelt feh\u00e9r ponttal. A csavart a l\u00e1tcs\u0151vel egy\u00fctt sz\u00e1ll\u00edtjuk.<\/p>","protected":false},"featured_media":6600,"template":"","meta":{"_gspb_post_css":""},"product_brand":[],"product_cat":[1908,1913,1864,1820],"product_tag":[],"class_list":{"0":"post-13656","1":"product","2":"type-product","3":"status-publish","4":"has-post-thumbnail","6":"product_cat-glock-prislusenstvo","7":"product_cat-mieridla-glock","8":"product_cat-pistole-zbrane-b-c","9":"product_cat-zbrane-b-c","11":"first","12":"outofstock","13":"taxable","14":"shipping-taxable","15":"purchasable","16":"product-type-simple"},"ct_brands":[],"_links":{"self":[{"href":"https:\/\/zbranebudai.sk\/hu\/wp-json\/wp\/v2\/product\/13656","targetHints":{"allow":["GET"]}}],"collection":[{"href":"https:\/\/zbranebudai.sk\/hu\/wp-json\/wp\/v2\/product"}],"about":[{"href":"https:\/\/zbranebudai.sk\/hu\/wp-json\/wp\/v2\/types\/product"}],"wp:featuredmedia":[{"embeddable":true,"href":"https:\/\/zbranebudai.sk\/hu\/wp-json\/wp\/v2\/media\/6600"}],"wp:attachment":[{"href":"https:\/\/zbranebudai.sk\/hu\/wp-json\/wp\/v2\/media?parent=13656"}],"wp:term":[{"taxonomy":"product_brand","embeddable":true,"href":"https:\/\/zbranebudai.sk\/hu\/wp-json\/wp\/v2\/product_brand?post=13656"},{"taxonomy":"product_cat","embeddable":true,"href":"https:\/\/zbranebudai.sk\/hu\/wp-json\/wp\/v2\/product_cat?post=13656"},{"taxonomy":"product_tag","embeddable":true,"href":"https:\/\/zbranebudai.sk\/hu\/wp-json\/wp\/v2\/product_tag?post=13656"}],"curies":[{"name":"wp","href":"https:\/\/api.w.org\/{rel}","templated":true}]}}