{"id":13653,"date":"2025-02-17T17:55:06","date_gmt":"2025-02-17T15:55:06","guid":{"rendered":"https:\/\/zbranebudai.sk\/product\/airsoft-pistol-walther-ppq-hme-kal-6mm-manual-dekoracny-predmet\/"},"modified":"2026-04-09T01:32:54","modified_gmt":"2026-04-08T23:32:54","slug":"airsoft-pisztoly-walther-ppq-hme-cal-6mm-kezi-diszito-targy","status":"publish","type":"product","link":"https:\/\/zbranebudai.sk\/hu\/product\/airsoft-pistol-walther-ppq-hme-kal-6mm-manual-dekoracny-predmet\/","title":{"rendered":"Airsoft pisztoly Walther PPQ HME, cal. 6mm, k\u00e9zi - d\u00edszt\u00e1rgy"},"content":{"rendered":"<p>PARAM\u00c9TEREK:<\/p>\n<p>Energia: legfeljebb 0,5 J<br \/>\nTeljes hossz: 180 mm<br \/>\nKapacit\u00e1s: 14<br \/>\nS\u00faly: 840g<\/p>","protected":false},"excerpt":{"rendered":"<p>A j\u00f3l ismert Walther PPQ pisztoly legkifinomultabb m\u00e1solata k\u00e9zi airsoft pisztoly form\u00e1j\u00e1ban cal. 6mm BB. Neh\u00e9zf\u00e9m z\u00e1r\u00f3szerkezet (\"Heavy Metal Energy\"). Tartal\u00e9k t\u00e1rat tartalmaz. H\u00e1ts\u00f3cs\u0151 kakasind\u00edt\u00f3 jelz\u0151. FIGYELMEZTET\u00c9S: ez a pisztoly d\u00edszpisztolyk\u00e9nt ker\u00fcl \u00e9rt\u00e9kes\u00edt\u00e9sre - ez\u00e9rt az elad\u00f3 nem v\u00e1llal garanci\u00e1t a m\u0171k\u00f6d\u0151k\u00e9pess\u00e9g\u00e9re.<\/p>","protected":false},"featured_media":6594,"template":"","meta":{"_gspb_post_css":""},"product_brand":[],"product_cat":[1848,1924,1824],"product_tag":[],"class_list":{"0":"post-13653","1":"product","2":"type-product","3":"status-publish","4":"has-post-thumbnail","6":"product_cat-airsoft","7":"product_cat-airsoft-manual","8":"product_cat-zbrane-18-d","10":"first","11":"instock","12":"taxable","13":"shipping-taxable","14":"purchasable","15":"product-type-simple"},"ct_brands":[],"_links":{"self":[{"href":"https:\/\/zbranebudai.sk\/hu\/wp-json\/wp\/v2\/product\/13653","targetHints":{"allow":["GET"]}}],"collection":[{"href":"https:\/\/zbranebudai.sk\/hu\/wp-json\/wp\/v2\/product"}],"about":[{"href":"https:\/\/zbranebudai.sk\/hu\/wp-json\/wp\/v2\/types\/product"}],"wp:featuredmedia":[{"embeddable":true,"href":"https:\/\/zbranebudai.sk\/hu\/wp-json\/wp\/v2\/media\/6594"}],"wp:attachment":[{"href":"https:\/\/zbranebudai.sk\/hu\/wp-json\/wp\/v2\/media?parent=13653"}],"wp:term":[{"taxonomy":"product_brand","embeddable":true,"href":"https:\/\/zbranebudai.sk\/hu\/wp-json\/wp\/v2\/product_brand?post=13653"},{"taxonomy":"product_cat","embeddable":true,"href":"https:\/\/zbranebudai.sk\/hu\/wp-json\/wp\/v2\/product_cat?post=13653"},{"taxonomy":"product_tag","embeddable":true,"href":"https:\/\/zbranebudai.sk\/hu\/wp-json\/wp\/v2\/product_tag?post=13653"}],"curies":[{"name":"wp","href":"https:\/\/api.w.org\/{rel}","templated":true}]}}