{"id":13646,"date":"2025-02-17T17:55:04","date_gmt":"2025-02-17T15:55:04","guid":{"rendered":"https:\/\/zbranebudai.sk\/product\/ruger-american-rifle-standard-6902-kal-270win\/"},"modified":"2025-09-06T09:58:22","modified_gmt":"2025-09-06T07:58:22","slug":"ruger-american-puska-standard-6902-cal-270win","status":"publish","type":"product","link":"https:\/\/zbranebudai.sk\/hu\/product\/ruger-american-rifle-standard-6902-kal-270win\/","title":{"rendered":"Ruger American Rifle Standard 6902, cal. .270Win."},"content":{"rendered":"<p>PARAM\u00c9TEREK:<\/p>\n<p>Cs\u0151hossz: 55,9 cm (22 in)<br \/>\nTeljes hossz: 108 cm<br \/>\nT\u00e1lcakapacit\u00e1s: 4\u00a0<br \/>\nHord\u00f3 oszt\u00e1s: 1:10<br \/>\nPicatinny s\u00edn: igen<br \/>\nAnyag: ac\u00e9l<br \/>\n\u00cdg\u00e9ret: Szintetikus<br \/>\nS\u00faly: 2,8 kg<\/p>","protected":false},"excerpt":{"rendered":"<p>A Ruger American Rifle\u00ae egy k\u00f6nny\u0171, k\u00f6nnyen kezelhet\u0151 \u00e9s pontos puska, amely innovat\u00edv kialak\u00edt\u00e1s\u00fa, modern anyagok felhaszn\u00e1l\u00e1s\u00e1val k\u00e9sz\u00fclt, \u00e9s amelyet zord id\u0151j\u00e1r\u00e1si k\u00f6r\u00fclm\u00e9nyek k\u00f6z\u00f6tti haszn\u00e1latra terveztek. Az ergonomikus \u00e9s k\u00f6nny\u0171, puha fen\u00e9kt\u00e1masszal ell\u00e1tott m\u0171anyag l\u00f6vegsz\u00e1r a klasszikus kialak\u00edt\u00e1st modern form\u00e1j\u00fa markolattal \u00e9s a markolatpontokn\u00e1l l\u00e9v\u0151 fogaz\u00e1sokkal \u00f6tv\u00f6zi. A fegyver k\u00e9zi biztos\u00edt\u00f3val \u00e9s ravaszbiztos\u00edt\u00e1ssal rendelkezik, a cs\u00faszka 70\u00b0-os sz\u00f6gben kifordul \u00e9s 3 fogaz\u00e1ssal rendelkezik. A ravasz ellen\u00e1ll\u00e1sa 1,36 - 2,27 kg (3 - 5 font) k\u00f6z\u00f6tt \u00e1ll\u00edthat\u00f3. Ruger GP100 1715 revolver rozsdamentes ac\u00e9lb\u00f3l, 3\"-os cs\u0151vel \u00e9s kett\u0151s m\u0171k\u00f6d\u00e9s\u0171 ravaszszerkezettel. A k\u00e9nyelmes fekete gumi markolat k\u00f6nnyen levehet\u0151 \u00e9s m\u00e1s markolattal, vagy egyedi markolattal cser\u00e9lhet\u0151.  Rakt\u00e1ron 2025 febru\u00e1r k\u00f6zep\u00e9n.<\/p>","protected":false},"featured_media":6566,"template":"","meta":{"_gspb_post_css":""},"product_brand":[],"product_cat":[1821,1837,1873,1936,1820],"product_tag":[],"class_list":{"0":"post-13646","1":"product","2":"type-product","3":"status-publish","4":"has-post-thumbnail","6":"product_cat-gulovnice-zbrane-b-c","7":"product_cat-ruger","8":"product_cat-ruger-american-rifle","9":"product_cat-standard","10":"product_cat-zbrane-b-c","12":"first","13":"outofstock","14":"taxable","15":"shipping-taxable","16":"purchasable","17":"product-type-simple"},"ct_brands":[],"_links":{"self":[{"href":"https:\/\/zbranebudai.sk\/hu\/wp-json\/wp\/v2\/product\/13646","targetHints":{"allow":["GET"]}}],"collection":[{"href":"https:\/\/zbranebudai.sk\/hu\/wp-json\/wp\/v2\/product"}],"about":[{"href":"https:\/\/zbranebudai.sk\/hu\/wp-json\/wp\/v2\/types\/product"}],"wp:featuredmedia":[{"embeddable":true,"href":"https:\/\/zbranebudai.sk\/hu\/wp-json\/wp\/v2\/media\/6566"}],"wp:attachment":[{"href":"https:\/\/zbranebudai.sk\/hu\/wp-json\/wp\/v2\/media?parent=13646"}],"wp:term":[{"taxonomy":"product_brand","embeddable":true,"href":"https:\/\/zbranebudai.sk\/hu\/wp-json\/wp\/v2\/product_brand?post=13646"},{"taxonomy":"product_cat","embeddable":true,"href":"https:\/\/zbranebudai.sk\/hu\/wp-json\/wp\/v2\/product_cat?post=13646"},{"taxonomy":"product_tag","embeddable":true,"href":"https:\/\/zbranebudai.sk\/hu\/wp-json\/wp\/v2\/product_tag?post=13646"}],"curies":[{"name":"wp","href":"https:\/\/api.w.org\/{rel}","templated":true}]}}