{"id":13643,"date":"2025-02-17T17:55:03","date_gmt":"2025-02-17T15:55:03","guid":{"rendered":"https:\/\/zbranebudai.sk\/product\/vodiaci-blok-s-vyhadzovacom-g17-g19-gen4-30275\/"},"modified":"2026-04-09T02:18:56","modified_gmt":"2026-04-09T00:18:56","slug":"vezetoblokk-kilovovel-g17-g19-gen4-30275","status":"publish","type":"product","link":"https:\/\/zbranebudai.sk\/hu\/product\/vodiaci-blok-s-vyhadzovacom-g17-g19-gen4-30275\/","title":{"rendered":"Vezet\u0151t\u00f6mb kil\u00f6v\u0151vel G17\/G19 Gen4 (30275)"},"content":{"rendered":"","protected":false},"excerpt":{"rendered":"<p>Minden 9\u00d719 kaliber\u0171 Gen4 modellhez (ravaszvezet\u0151 blokk kil\u00f6v\u0151vel - \u00fagynevezett \"ravaszh\u00e1z\").<\/p>","protected":false},"featured_media":0,"template":"","meta":{"_gspb_post_css":""},"product_brand":[],"product_cat":[1908,1909,1864,1820],"product_tag":[],"class_list":{"0":"post-13643","1":"product","2":"type-product","3":"status-publish","5":"product_cat-glock-prislusenstvo","6":"product_cat-nahradne-diely-glock","7":"product_cat-pistole-zbrane-b-c","8":"product_cat-zbrane-b-c","10":"first","11":"instock","12":"taxable","13":"shipping-taxable","14":"purchasable","15":"product-type-simple"},"ct_brands":[],"_links":{"self":[{"href":"https:\/\/zbranebudai.sk\/hu\/wp-json\/wp\/v2\/product\/13643","targetHints":{"allow":["GET"]}}],"collection":[{"href":"https:\/\/zbranebudai.sk\/hu\/wp-json\/wp\/v2\/product"}],"about":[{"href":"https:\/\/zbranebudai.sk\/hu\/wp-json\/wp\/v2\/types\/product"}],"wp:attachment":[{"href":"https:\/\/zbranebudai.sk\/hu\/wp-json\/wp\/v2\/media?parent=13643"}],"wp:term":[{"taxonomy":"product_brand","embeddable":true,"href":"https:\/\/zbranebudai.sk\/hu\/wp-json\/wp\/v2\/product_brand?post=13643"},{"taxonomy":"product_cat","embeddable":true,"href":"https:\/\/zbranebudai.sk\/hu\/wp-json\/wp\/v2\/product_cat?post=13643"},{"taxonomy":"product_tag","embeddable":true,"href":"https:\/\/zbranebudai.sk\/hu\/wp-json\/wp\/v2\/product_tag?post=13643"}],"curies":[{"name":"wp","href":"https:\/\/api.w.org\/{rel}","templated":true}]}}