{"id":13642,"date":"2025-02-17T17:55:03","date_gmt":"2025-02-17T15:55:03","guid":{"rendered":"https:\/\/zbranebudai.sk\/product\/vodiaci-blok-s-vyhadzovacom-g22-g23-gen4-28927\/"},"modified":"2026-04-09T02:18:56","modified_gmt":"2026-04-09T00:18:56","slug":"vezetoblokk-kilovovel-g22-g23-gen4-28927","status":"publish","type":"product","link":"https:\/\/zbranebudai.sk\/hu\/product\/vodiaci-blok-s-vyhadzovacom-g22-g23-gen4-28927\/","title":{"rendered":"Vez\u00e9rl\u0151t\u00f6mb kil\u00f6v\u0151vel G22\/G23 Gen4 (28927)"},"content":{"rendered":"","protected":false},"excerpt":{"rendered":"<p>Az \u00f6sszes Gen4 modellhez .40 SW kaliberben (ravaszvezet\u0151 blokk kil\u00f6v\u0151vel - \u00fagynevezett \"ravaszh\u00e1z\").<\/p>","protected":false},"featured_media":6557,"template":"","meta":{"_gspb_post_css":""},"product_brand":[],"product_cat":[1908,1909,1864,1820],"product_tag":[],"class_list":{"0":"post-13642","1":"product","2":"type-product","3":"status-publish","4":"has-post-thumbnail","6":"product_cat-glock-prislusenstvo","7":"product_cat-nahradne-diely-glock","8":"product_cat-pistole-zbrane-b-c","9":"product_cat-zbrane-b-c","11":"first","12":"instock","13":"taxable","14":"shipping-taxable","15":"purchasable","16":"product-type-simple"},"ct_brands":[],"_links":{"self":[{"href":"https:\/\/zbranebudai.sk\/hu\/wp-json\/wp\/v2\/product\/13642","targetHints":{"allow":["GET"]}}],"collection":[{"href":"https:\/\/zbranebudai.sk\/hu\/wp-json\/wp\/v2\/product"}],"about":[{"href":"https:\/\/zbranebudai.sk\/hu\/wp-json\/wp\/v2\/types\/product"}],"wp:featuredmedia":[{"embeddable":true,"href":"https:\/\/zbranebudai.sk\/hu\/wp-json\/wp\/v2\/media\/6557"}],"wp:attachment":[{"href":"https:\/\/zbranebudai.sk\/hu\/wp-json\/wp\/v2\/media?parent=13642"}],"wp:term":[{"taxonomy":"product_brand","embeddable":true,"href":"https:\/\/zbranebudai.sk\/hu\/wp-json\/wp\/v2\/product_brand?post=13642"},{"taxonomy":"product_cat","embeddable":true,"href":"https:\/\/zbranebudai.sk\/hu\/wp-json\/wp\/v2\/product_cat?post=13642"},{"taxonomy":"product_tag","embeddable":true,"href":"https:\/\/zbranebudai.sk\/hu\/wp-json\/wp\/v2\/product_tag?post=13642"}],"curies":[{"name":"wp","href":"https:\/\/api.w.org\/{rel}","templated":true}]}}