{"id":13641,"date":"2025-02-17T17:55:03","date_gmt":"2025-02-17T15:55:03","guid":{"rendered":"https:\/\/zbranebudai.sk\/product\/vytahovac-glock-40-357-1899\/"},"modified":"2026-04-30T10:22:41","modified_gmt":"2026-04-30T08:22:41","slug":"glock-40-357-1899","status":"publish","type":"product","link":"https:\/\/zbranebudai.sk\/hu\/product\/vytahovac-glock-40-357-1899\/","title":{"rendered":"Kivon\u00f3 GLOCK .40\/.357 (1899)"},"content":{"rendered":"","protected":false},"excerpt":{"rendered":"<p>Minden 3. \u00e9s 4. gener\u00e1ci\u00f3s modellhez .40 SW \u00e9s .357 SIG kaliberben.<\/p>","protected":false},"featured_media":0,"template":"","meta":{"_gspb_post_css":""},"product_brand":[],"product_cat":[1908,1909,1864,1820],"product_tag":[],"class_list":{"0":"post-13641","1":"product","2":"type-product","3":"status-publish","5":"product_cat-glock-prislusenstvo","6":"product_cat-nahradne-diely-glock","7":"product_cat-pistole-zbrane-b-c","8":"product_cat-zbrane-b-c","10":"first","11":"instock","12":"taxable","13":"shipping-taxable","14":"purchasable","15":"product-type-simple"},"ct_brands":[],"_links":{"self":[{"href":"https:\/\/zbranebudai.sk\/hu\/wp-json\/wp\/v2\/product\/13641","targetHints":{"allow":["GET"]}}],"collection":[{"href":"https:\/\/zbranebudai.sk\/hu\/wp-json\/wp\/v2\/product"}],"about":[{"href":"https:\/\/zbranebudai.sk\/hu\/wp-json\/wp\/v2\/types\/product"}],"wp:attachment":[{"href":"https:\/\/zbranebudai.sk\/hu\/wp-json\/wp\/v2\/media?parent=13641"}],"wp:term":[{"taxonomy":"product_brand","embeddable":true,"href":"https:\/\/zbranebudai.sk\/hu\/wp-json\/wp\/v2\/product_brand?post=13641"},{"taxonomy":"product_cat","embeddable":true,"href":"https:\/\/zbranebudai.sk\/hu\/wp-json\/wp\/v2\/product_cat?post=13641"},{"taxonomy":"product_tag","embeddable":true,"href":"https:\/\/zbranebudai.sk\/hu\/wp-json\/wp\/v2\/product_tag?post=13641"}],"curies":[{"name":"wp","href":"https:\/\/api.w.org\/{rel}","templated":true}]}}