{"id":13638,"date":"2025-02-17T17:55:03","date_gmt":"2025-02-17T15:55:03","guid":{"rendered":"https:\/\/zbranebudai.sk\/product\/rychlonabijac-ruger-pre-sp101-357-38-12020\/"},"modified":"2026-04-16T04:47:02","modified_gmt":"2026-04-16T02:47:02","slug":"gyorstolto-ruger-sp101-357-38-12020-357-38-hoz-12020","status":"publish","type":"product","link":"https:\/\/zbranebudai.sk\/hu\/product\/rychlonabijac-ruger-pre-sp101-357-38-12020\/","title":{"rendered":"Ruger gyorst\u00f6lt\u0151 SP101 .357\/.38-as pisztolyhoz (12020)"},"content":{"rendered":"","protected":false},"excerpt":{"rendered":"<p>Gyorst\u00f6lt\u0151 Ruger SP101 sorozat\u00fa revolverekhez 5 t\u00f6lt\u00e9nyes kal. .357 Magnum\/.38 Special. Nem alkalmas Crimson Trace l\u00e9zerpisztolytokokkal ell\u00e1tott LCR-hez.<\/p>","protected":false},"featured_media":6549,"template":"","meta":{"_gspb_post_css":""},"product_brand":[],"product_cat":[1917,1858,1859,1820],"product_tag":[],"class_list":{"0":"post-13638","1":"product","2":"type-product","3":"status-publish","4":"has-post-thumbnail","6":"product_cat-prislusenstvo-ruger-ruger-revolvery-zbrane-b-c","7":"product_cat-revolvery-zbrane-b-c","8":"product_cat-ruger-revolvery-zbrane-b-c","9":"product_cat-zbrane-b-c","11":"first","12":"outofstock","13":"taxable","14":"shipping-taxable","15":"purchasable","16":"product-type-simple"},"ct_brands":[],"_links":{"self":[{"href":"https:\/\/zbranebudai.sk\/hu\/wp-json\/wp\/v2\/product\/13638","targetHints":{"allow":["GET"]}}],"collection":[{"href":"https:\/\/zbranebudai.sk\/hu\/wp-json\/wp\/v2\/product"}],"about":[{"href":"https:\/\/zbranebudai.sk\/hu\/wp-json\/wp\/v2\/types\/product"}],"wp:featuredmedia":[{"embeddable":true,"href":"https:\/\/zbranebudai.sk\/hu\/wp-json\/wp\/v2\/media\/6549"}],"wp:attachment":[{"href":"https:\/\/zbranebudai.sk\/hu\/wp-json\/wp\/v2\/media?parent=13638"}],"wp:term":[{"taxonomy":"product_brand","embeddable":true,"href":"https:\/\/zbranebudai.sk\/hu\/wp-json\/wp\/v2\/product_brand?post=13638"},{"taxonomy":"product_cat","embeddable":true,"href":"https:\/\/zbranebudai.sk\/hu\/wp-json\/wp\/v2\/product_cat?post=13638"},{"taxonomy":"product_tag","embeddable":true,"href":"https:\/\/zbranebudai.sk\/hu\/wp-json\/wp\/v2\/product_tag?post=13638"}],"curies":[{"name":"wp","href":"https:\/\/api.w.org\/{rel}","templated":true}]}}