{"id":13635,"date":"2025-02-17T17:55:03","date_gmt":"2025-02-17T15:55:03","guid":{"rendered":"https:\/\/zbranebudai.sk\/product\/pazbicky-hogue-pre-ruger-mkii-iii-ambi\/"},"modified":"2026-04-16T04:59:02","modified_gmt":"2026-04-16T02:59:02","slug":"hogue-karmok-a-ruger-mkii-iii-ambi-hoz","status":"publish","type":"product","link":"https:\/\/zbranebudai.sk\/hu\/product\/pazbicky-hogue-pre-ruger-mkii-iii-ambi\/","title":{"rendered":"Hogue \u00e1llom\u00e1nyok Ruger MKII\/III Ambi modellhez"},"content":{"rendered":"","protected":false},"excerpt":{"rendered":"<p>Ruger Mark II \u00e9s Mark III pisztolyokhoz val\u00f3 fakop\u00e1ntok. Ezek az \u00e1llom\u00e1nyok egyar\u00e1nt alkalmasak jobb- \u00e9s balkezesek sz\u00e1m\u00e1ra. Az MKIII512, KMKIII512, KMKIII678H \u00e9s KMKIII678GC modellekhez k\u00e9sz\u00fcltek.<\/p>","protected":false},"featured_media":0,"template":"","meta":{"_gspb_post_css":""},"product_brand":[],"product_cat":[1864,1898,1877,1820],"product_tag":[],"class_list":{"0":"post-13635","1":"product","2":"type-product","3":"status-publish","5":"product_cat-pistole-zbrane-b-c","6":"product_cat-prislusenstvo-ruger-ruger-pistole-zbrane-b-c","7":"product_cat-ruger-pistole-zbrane-b-c","8":"product_cat-zbrane-b-c","10":"first","11":"outofstock","12":"taxable","13":"shipping-taxable","14":"purchasable","15":"product-type-simple"},"ct_brands":[],"_links":{"self":[{"href":"https:\/\/zbranebudai.sk\/hu\/wp-json\/wp\/v2\/product\/13635","targetHints":{"allow":["GET"]}}],"collection":[{"href":"https:\/\/zbranebudai.sk\/hu\/wp-json\/wp\/v2\/product"}],"about":[{"href":"https:\/\/zbranebudai.sk\/hu\/wp-json\/wp\/v2\/types\/product"}],"wp:attachment":[{"href":"https:\/\/zbranebudai.sk\/hu\/wp-json\/wp\/v2\/media?parent=13635"}],"wp:term":[{"taxonomy":"product_brand","embeddable":true,"href":"https:\/\/zbranebudai.sk\/hu\/wp-json\/wp\/v2\/product_brand?post=13635"},{"taxonomy":"product_cat","embeddable":true,"href":"https:\/\/zbranebudai.sk\/hu\/wp-json\/wp\/v2\/product_cat?post=13635"},{"taxonomy":"product_tag","embeddable":true,"href":"https:\/\/zbranebudai.sk\/hu\/wp-json\/wp\/v2\/product_tag?post=13635"}],"curies":[{"name":"wp","href":"https:\/\/api.w.org\/{rel}","templated":true}]}}