{"id":13634,"date":"2025-02-17T17:55:03","date_gmt":"2025-02-17T15:55:03","guid":{"rendered":"https:\/\/zbranebudai.sk\/product\/pazbicky-hogue-pre-ruger-mkii-iii-rh\/"},"modified":"2026-04-16T04:59:02","modified_gmt":"2026-04-16T02:59:02","slug":"hogue-karmok-a-ruger-mkii-iii-rh-hez","status":"publish","type":"product","link":"https:\/\/zbranebudai.sk\/hu\/product\/pazbicky-hogue-pre-ruger-mkii-iii-rh\/","title":{"rendered":"Hogue cs\u00f6vek Ruger MKII\/III RH-hoz"},"content":{"rendered":"","protected":false},"excerpt":{"rendered":"<p>F\u00e1b\u00f3l k\u00e9sz\u00fclt k\u00e9zv\u00e9d\u0151k Ruger Mark II \u00e9s Mark III pisztolyokhoz. A KMKIII678GC modellek alapfelszerelts\u00e9g\u00e9hez tartoznak. Alkalmasak p\u00e9ld\u00e1ul az MKIII512, KMKIII512 \u00e9s KMKIII678H modellekhez.<\/p>","protected":false},"featured_media":0,"template":"","meta":{"_gspb_post_css":""},"product_brand":[],"product_cat":[1864,1898,1877,1820],"product_tag":[],"class_list":{"0":"post-13634","1":"product","2":"type-product","3":"status-publish","5":"product_cat-pistole-zbrane-b-c","6":"product_cat-prislusenstvo-ruger-ruger-pistole-zbrane-b-c","7":"product_cat-ruger-pistole-zbrane-b-c","8":"product_cat-zbrane-b-c","10":"first","11":"outofstock","12":"taxable","13":"shipping-taxable","14":"purchasable","15":"product-type-simple"},"ct_brands":[],"_links":{"self":[{"href":"https:\/\/zbranebudai.sk\/hu\/wp-json\/wp\/v2\/product\/13634","targetHints":{"allow":["GET"]}}],"collection":[{"href":"https:\/\/zbranebudai.sk\/hu\/wp-json\/wp\/v2\/product"}],"about":[{"href":"https:\/\/zbranebudai.sk\/hu\/wp-json\/wp\/v2\/types\/product"}],"wp:attachment":[{"href":"https:\/\/zbranebudai.sk\/hu\/wp-json\/wp\/v2\/media?parent=13634"}],"wp:term":[{"taxonomy":"product_brand","embeddable":true,"href":"https:\/\/zbranebudai.sk\/hu\/wp-json\/wp\/v2\/product_brand?post=13634"},{"taxonomy":"product_cat","embeddable":true,"href":"https:\/\/zbranebudai.sk\/hu\/wp-json\/wp\/v2\/product_cat?post=13634"},{"taxonomy":"product_tag","embeddable":true,"href":"https:\/\/zbranebudai.sk\/hu\/wp-json\/wp\/v2\/product_tag?post=13634"}],"curies":[{"name":"wp","href":"https:\/\/api.w.org\/{rel}","templated":true}]}}