{"id":13633,"date":"2025-02-17T17:55:02","date_gmt":"2025-02-17T15:55:02","guid":{"rendered":"https:\/\/zbranebudai.sk\/product\/picatinny-interface-removable-pre-trg-22-42\/"},"modified":"2026-04-09T01:15:59","modified_gmt":"2026-04-08T23:15:59","slug":"picatinny-interfesz-kiveheto-pre-trg-22-42","status":"publish","type":"product","link":"https:\/\/zbranebudai.sk\/hu\/product\/picatinny-interface-removable-pre-trg-22-42\/","title":{"rendered":"Picatinny interf\u00e9sz, elt\u00e1vol\u00edthat\u00f3 a TRG-22\/42-hez"},"content":{"rendered":"","protected":false},"excerpt":{"rendered":"<p>Lejt\u00e9s 0 MOA.<\/p>","protected":false},"featured_media":6535,"template":"","meta":{"_gspb_post_css":""},"product_brand":[],"product_cat":[1939,1821,1928,1822,1820],"product_tag":[],"class_list":{"0":"post-13633","1":"product","2":"type-product","3":"status-publish","4":"has-post-thumbnail","6":"product_cat-doplnky-prislusenstvo-sako","7":"product_cat-gulovnice-zbrane-b-c","8":"product_cat-prislusenstvo-sako","9":"product_cat-sako","10":"product_cat-zbrane-b-c","12":"first","13":"instock","14":"taxable","15":"shipping-taxable","16":"purchasable","17":"product-type-simple"},"ct_brands":[],"_links":{"self":[{"href":"https:\/\/zbranebudai.sk\/hu\/wp-json\/wp\/v2\/product\/13633","targetHints":{"allow":["GET"]}}],"collection":[{"href":"https:\/\/zbranebudai.sk\/hu\/wp-json\/wp\/v2\/product"}],"about":[{"href":"https:\/\/zbranebudai.sk\/hu\/wp-json\/wp\/v2\/types\/product"}],"wp:featuredmedia":[{"embeddable":true,"href":"https:\/\/zbranebudai.sk\/hu\/wp-json\/wp\/v2\/media\/6535"}],"wp:attachment":[{"href":"https:\/\/zbranebudai.sk\/hu\/wp-json\/wp\/v2\/media?parent=13633"}],"wp:term":[{"taxonomy":"product_brand","embeddable":true,"href":"https:\/\/zbranebudai.sk\/hu\/wp-json\/wp\/v2\/product_brand?post=13633"},{"taxonomy":"product_cat","embeddable":true,"href":"https:\/\/zbranebudai.sk\/hu\/wp-json\/wp\/v2\/product_cat?post=13633"},{"taxonomy":"product_tag","embeddable":true,"href":"https:\/\/zbranebudai.sk\/hu\/wp-json\/wp\/v2\/product_tag?post=13633"}],"curies":[{"name":"wp","href":"https:\/\/api.w.org\/{rel}","templated":true}]}}