{"id":13631,"date":"2025-02-17T17:55:02","date_gmt":"2025-02-17T15:55:02","guid":{"rendered":"https:\/\/zbranebudai.sk\/product\/chrbaty-rukovate-g21-gen4-30819\/"},"modified":"2026-04-09T02:18:56","modified_gmt":"2026-04-09T00:18:56","slug":"g21-gen4-30819","status":"publish","type":"product","link":"https:\/\/zbranebudai.sk\/hu\/product\/chrbaty-rukovate-g21-gen4-30819\/","title":{"rendered":"G21 Gen4 markolat h\u00e1tlapok (30819)"},"content":{"rendered":"","protected":false},"excerpt":{"rendered":"<p>Foganty\u00fa h\u00e1tlapok Gen4 modellekhez: 21, 21C, 41, 20. A csomag 4 darabot tartalmaz: standard h\u00e1tlap M \u00e9s L m\u00e9retben \u00e9s h\u00f3dfark\u00fa h\u00e1tlap M \u00e9s L m\u00e9retben. A csomag tartalmaz egy reteszel\u0151 csapot (azaz ravaszvezet\u0151 blokkol\u00f3 csapot) \u00e9s egy szersz\u00e1mot a csap kiszor\u00edt\u00e1s\u00e1hoz a markolatb\u00f3l.<\/p>","protected":false},"featured_media":0,"template":"","meta":{"_gspb_post_css":""},"product_brand":[],"product_cat":[1908,1909,1864,1820],"product_tag":[],"class_list":{"0":"post-13631","1":"product","2":"type-product","3":"status-publish","5":"product_cat-glock-prislusenstvo","6":"product_cat-nahradne-diely-glock","7":"product_cat-pistole-zbrane-b-c","8":"product_cat-zbrane-b-c","10":"first","11":"instock","12":"taxable","13":"shipping-taxable","14":"purchasable","15":"product-type-simple"},"ct_brands":[],"_links":{"self":[{"href":"https:\/\/zbranebudai.sk\/hu\/wp-json\/wp\/v2\/product\/13631","targetHints":{"allow":["GET"]}}],"collection":[{"href":"https:\/\/zbranebudai.sk\/hu\/wp-json\/wp\/v2\/product"}],"about":[{"href":"https:\/\/zbranebudai.sk\/hu\/wp-json\/wp\/v2\/types\/product"}],"wp:attachment":[{"href":"https:\/\/zbranebudai.sk\/hu\/wp-json\/wp\/v2\/media?parent=13631"}],"wp:term":[{"taxonomy":"product_brand","embeddable":true,"href":"https:\/\/zbranebudai.sk\/hu\/wp-json\/wp\/v2\/product_brand?post=13631"},{"taxonomy":"product_cat","embeddable":true,"href":"https:\/\/zbranebudai.sk\/hu\/wp-json\/wp\/v2\/product_cat?post=13631"},{"taxonomy":"product_tag","embeddable":true,"href":"https:\/\/zbranebudai.sk\/hu\/wp-json\/wp\/v2\/product_tag?post=13631"}],"curies":[{"name":"wp","href":"https:\/\/api.w.org\/{rel}","templated":true}]}}