{"id":13630,"date":"2025-02-17T17:55:02","date_gmt":"2025-02-17T15:55:02","guid":{"rendered":"https:\/\/zbranebudai.sk\/product\/chrbaty-rukovate-g19-gen4-30820\/"},"modified":"2026-04-09T02:12:57","modified_gmt":"2026-04-09T00:12:57","slug":"fogantyu-hatlapok-g19-gen4-30820","status":"publish","type":"product","link":"https:\/\/zbranebudai.sk\/hu\/product\/chrbaty-rukovate-g19-gen4-30820\/","title":{"rendered":"G19 Gen4 markolat h\u00e1tlapok (30820)"},"content":{"rendered":"","protected":false},"excerpt":{"rendered":"<p>A Gen4 modellek markolat h\u00e1tlapjai: 19, 19C, 23, 32. A csomag 4 darabot tartalmaz: standard h\u00e1tlap M \u00e9s L m\u00e9retben \u00e9s h\u00f3dfark\u00fa h\u00e1tlap M \u00e9s L m\u00e9retben. A csomag tartalmaz egy reteszel\u0151 csapot (azaz ravaszvezet\u0151 blokkol\u00f3 csapot) \u00e9s egy szersz\u00e1mot a csap kiszor\u00edt\u00e1s\u00e1hoz a markolatb\u00f3l.<\/p>","protected":false},"featured_media":6531,"template":"","meta":{"_gspb_post_css":""},"product_brand":[],"product_cat":[1908,1909,1864,1820],"product_tag":[],"class_list":{"0":"post-13630","1":"product","2":"type-product","3":"status-publish","4":"has-post-thumbnail","6":"product_cat-glock-prislusenstvo","7":"product_cat-nahradne-diely-glock","8":"product_cat-pistole-zbrane-b-c","9":"product_cat-zbrane-b-c","11":"first","12":"outofstock","13":"taxable","14":"shipping-taxable","15":"purchasable","16":"product-type-simple"},"ct_brands":[],"_links":{"self":[{"href":"https:\/\/zbranebudai.sk\/hu\/wp-json\/wp\/v2\/product\/13630","targetHints":{"allow":["GET"]}}],"collection":[{"href":"https:\/\/zbranebudai.sk\/hu\/wp-json\/wp\/v2\/product"}],"about":[{"href":"https:\/\/zbranebudai.sk\/hu\/wp-json\/wp\/v2\/types\/product"}],"wp:featuredmedia":[{"embeddable":true,"href":"https:\/\/zbranebudai.sk\/hu\/wp-json\/wp\/v2\/media\/6531"}],"wp:attachment":[{"href":"https:\/\/zbranebudai.sk\/hu\/wp-json\/wp\/v2\/media?parent=13630"}],"wp:term":[{"taxonomy":"product_brand","embeddable":true,"href":"https:\/\/zbranebudai.sk\/hu\/wp-json\/wp\/v2\/product_brand?post=13630"},{"taxonomy":"product_cat","embeddable":true,"href":"https:\/\/zbranebudai.sk\/hu\/wp-json\/wp\/v2\/product_cat?post=13630"},{"taxonomy":"product_tag","embeddable":true,"href":"https:\/\/zbranebudai.sk\/hu\/wp-json\/wp\/v2\/product_tag?post=13630"}],"curies":[{"name":"wp","href":"https:\/\/api.w.org\/{rel}","templated":true}]}}