{"id":13627,"date":"2025-02-17T17:55:02","date_gmt":"2025-02-17T15:55:02","guid":{"rendered":"https:\/\/zbranebudai.sk\/product\/pistol-hk45-compact-v1-kal-45acp\/"},"modified":"2026-04-01T22:41:04","modified_gmt":"2026-04-01T20:41:04","slug":"pisztoly-hk45-kompakt-v1-cal-45acp","status":"publish","type":"product","link":"https:\/\/zbranebudai.sk\/hu\/product\/pistol-hk45-compact-v1-kal-45acp\/","title":{"rendered":"Pisztoly HK45 Compact V1, cal. .45ACP"},"content":{"rendered":"<p>Compact - kompakt v\u00e1zm\u00e9ret. V1 - SA\/DA ravaszmechanizmus (ravaszellen\u00e1ll\u00e1s SA - 20N, DA - 50N) + k\u00e9zi biztos\u00edt\u00e9k \u00fct\u0151szerkezet\u0171 ravaszral kombin\u00e1lva. Picatinny s\u00edn. Foszforeszk\u00e1l\u00f3 ir\u00e1nyz\u00e9k (1+2 pont). Cser\u00e9lhet\u0151 markolat h\u00e1tlap - S m\u00e9ret\u0171 szerelt h\u00e1tlap, M m\u00e9ret\u0171 be\u00e9p\u00edtett h\u00e1tlap.<\/p>\n<p>PARAM\u00c9TEREK:<\/p>\n<p>T\u00e1rkapacit\u00e1s: 8 t\u00f6lt\u00e9ny<br \/>\nCs\u0151hossz: 99 mm<br \/>\nTeljes hossz: 184 mm<br \/>\nSz\u00e9less\u00e9g: 39 mm<br \/>\nMagass\u00e1g: 129 mm<br \/>\nSz\u00e1nd\u00e9kos hossz: 152 mm<br \/>\nS\u00faly: 810 g<\/p>\n<p>CSOMAG TARTALMA:<\/p>\n<p>1x Pisztoly<br \/>\n2x t\u00e1lca<br \/>\n1x Foganty\u00fa h\u00e1tul<br \/>\n1x Sz\u00e9tszerel\u0151 szersz\u00e1m<br \/>\n4x hord\u00f3t\u00f6m\u00edt\u00e9s<br \/>\n1x b\u0151r\u00f6nd<\/p>","protected":false},"excerpt":{"rendered":"<p>Az \u00faj HK45 sorozat\u00fa modellek az amerikai hadsereg sz\u00e1m\u00e1ra k\u00e9sz\u00fcltek a megb\u00edzhat\u00f3 USP .45 ACP modell alapj\u00e1n, \u00e9s a bev\u00e1lt funkci\u00f3kat \u00faj jellemz\u0151kkel kombin\u00e1lj\u00e1k. A cs\u0151 elej\u00e9re szerelt O-gy\u0171r\u0171 minimaliz\u00e1lja a cs\u0151j\u00e1t\u00e9kot. A szabadalmaztatott visszar\u00fag\u00f3rendszer n\u00f6veli a pontoss\u00e1got \u00e9s meghosszabb\u00edtja az \u00e9lettartamot m\u00e9g a legnehezebb k\u00f6r\u00fclm\u00e9nyek k\u00f6z\u00f6tt is. A legmagasabb szint\u0171 biztons\u00e1got a USP modellb\u0151l \u00e1tvett k\u00e9zi \u00e9s automatikus biztons\u00e1gi funkci\u00f3k megszokott kombin\u00e1ci\u00f3ja biztos\u00edtja.<\/p>","protected":false},"featured_media":6521,"template":"","meta":{"_gspb_post_css":""},"product_brand":[],"product_cat":[1865,1937,1864,1820],"product_tag":[],"class_list":{"0":"post-13627","1":"product","2":"type-product","3":"status-publish","4":"has-post-thumbnail","6":"product_cat-heckler-koch-pistole-zbrane-b-c","7":"product_cat-hk45","8":"product_cat-pistole-zbrane-b-c","9":"product_cat-zbrane-b-c","11":"first","12":"outofstock","13":"taxable","14":"shipping-taxable","15":"purchasable","16":"product-type-simple"},"ct_brands":[],"_links":{"self":[{"href":"https:\/\/zbranebudai.sk\/hu\/wp-json\/wp\/v2\/product\/13627","targetHints":{"allow":["GET"]}}],"collection":[{"href":"https:\/\/zbranebudai.sk\/hu\/wp-json\/wp\/v2\/product"}],"about":[{"href":"https:\/\/zbranebudai.sk\/hu\/wp-json\/wp\/v2\/types\/product"}],"wp:featuredmedia":[{"embeddable":true,"href":"https:\/\/zbranebudai.sk\/hu\/wp-json\/wp\/v2\/media\/6521"}],"wp:attachment":[{"href":"https:\/\/zbranebudai.sk\/hu\/wp-json\/wp\/v2\/media?parent=13627"}],"wp:term":[{"taxonomy":"product_brand","embeddable":true,"href":"https:\/\/zbranebudai.sk\/hu\/wp-json\/wp\/v2\/product_brand?post=13627"},{"taxonomy":"product_cat","embeddable":true,"href":"https:\/\/zbranebudai.sk\/hu\/wp-json\/wp\/v2\/product_cat?post=13627"},{"taxonomy":"product_tag","embeddable":true,"href":"https:\/\/zbranebudai.sk\/hu\/wp-json\/wp\/v2\/product_tag?post=13627"}],"curies":[{"name":"wp","href":"https:\/\/api.w.org\/{rel}","templated":true}]}}