{"id":13623,"date":"2025-02-17T17:55:01","date_gmt":"2025-02-17T15:55:01","guid":{"rendered":"https:\/\/zbranebudai.sk\/product\/ruger-sp101-5720-kal-357mag\/"},"modified":"2026-04-16T04:10:55","modified_gmt":"2026-04-16T02:10:55","slug":"ruger-sp101-5720-cal-357mag","status":"publish","type":"product","link":"https:\/\/zbranebudai.sk\/hu\/product\/ruger-sp101-5720-kal-357mag\/","title":{"rendered":"Ruger SP101 5720, kal. .357Mag."},"content":{"rendered":"<p>PARAM\u00c9TEREK:<\/p>\n<p>Kapacit\u00e1s: 5 t\u00f6lt\u00e9ny<br \/>\nCs\u0151hossz: 57 mm (2.25\u2033)<br \/>\nTeljes hossz: 183 mm<br \/>\nCs\u0151oszt\u00e1s: 1:16\u2033 RH<br \/>\nAnyag: Rozsdamentes ac\u00e9l<br \/>\nS\u00faly: 709 g<\/p>","protected":false},"excerpt":{"rendered":"<p>A Ruger SP101-es sorozat\u00fa duplacs\u00f6v\u0171 revolverek h\u00e1romszoros hengerz\u00e1rral rendelkeznek a jobb be\u00e1ll\u00edt\u00e1s \u00e9s a megb\u00edzhat\u00f3 l\u00f6v\u00e9senk\u00e9nti m\u0171k\u00f6d\u00e9s \u00e9rdek\u00e9ben. Rejtett \u00fct\u0151kalap\u00e1cs \u00e9s integr\u00e1lt c\u00e9lt\u00e1vcs\u0151 ac\u00e9l c\u00e9lz\u00f3k\u00e9sz\u00fcl\u00e9kkel. A fekete gumimarkolat fekete szintetikus bet\u00e9ttel k\u00f6nnyen elt\u00e1vol\u00edthat\u00f3, \u00e9s m\u00e1s markolattal, vagy egyedi markolattal cser\u00e9lhet\u0151.<\/p>","protected":false},"featured_media":6507,"template":"","meta":{"_gspb_post_css":""},"product_brand":[],"product_cat":[1858,1859,1860,1820],"product_tag":[],"class_list":{"0":"post-13623","1":"product","2":"type-product","3":"status-publish","4":"has-post-thumbnail","6":"product_cat-revolvery-zbrane-b-c","7":"product_cat-ruger-revolvery-zbrane-b-c","8":"product_cat-ruger-sp101","9":"product_cat-zbrane-b-c","11":"first","12":"instock","13":"taxable","14":"shipping-taxable","15":"purchasable","16":"product-type-simple"},"ct_brands":[],"_links":{"self":[{"href":"https:\/\/zbranebudai.sk\/hu\/wp-json\/wp\/v2\/product\/13623","targetHints":{"allow":["GET"]}}],"collection":[{"href":"https:\/\/zbranebudai.sk\/hu\/wp-json\/wp\/v2\/product"}],"about":[{"href":"https:\/\/zbranebudai.sk\/hu\/wp-json\/wp\/v2\/types\/product"}],"wp:featuredmedia":[{"embeddable":true,"href":"https:\/\/zbranebudai.sk\/hu\/wp-json\/wp\/v2\/media\/6507"}],"wp:attachment":[{"href":"https:\/\/zbranebudai.sk\/hu\/wp-json\/wp\/v2\/media?parent=13623"}],"wp:term":[{"taxonomy":"product_brand","embeddable":true,"href":"https:\/\/zbranebudai.sk\/hu\/wp-json\/wp\/v2\/product_brand?post=13623"},{"taxonomy":"product_cat","embeddable":true,"href":"https:\/\/zbranebudai.sk\/hu\/wp-json\/wp\/v2\/product_cat?post=13623"},{"taxonomy":"product_tag","embeddable":true,"href":"https:\/\/zbranebudai.sk\/hu\/wp-json\/wp\/v2\/product_tag?post=13623"}],"curies":[{"name":"wp","href":"https:\/\/api.w.org\/{rel}","templated":true}]}}