{"id":13622,"date":"2025-02-17T17:55:01","date_gmt":"2025-02-17T15:55:01","guid":{"rendered":"https:\/\/zbranebudai.sk\/product\/pistol-co2-legends-p-08-kal-45mm-bb\/"},"modified":"2026-04-30T09:21:14","modified_gmt":"2026-04-30T07:21:14","slug":"pisztoly-co2-legendak-p-08-cal-45mm-bb","status":"publish","type":"product","link":"https:\/\/zbranebudai.sk\/hu\/product\/pistol-co2-legends-p-08-kal-45mm-bb\/","title":{"rendered":"Pisztoly CO2 Legends P.08, cal. 4,5mm BB"},"content":{"rendered":"","protected":false},"excerpt":{"rendered":"<p>CO2 pisztoly kaliber\u0171 pisztoly. 4,5mm BB - ac\u00e9lgoly\u00f3, opp. DA rendszer, f\u00e9m z\u00e1rszerkezet \u00e9s keret, fekete, teljes hossza 216 mm, cs\u0151 116 mm, s\u00faly 820 g, t\u00e1r 21 goly\u00f3 sz\u00e1m\u00e1ra, stretch. sebess\u00e9g ak\u00e1r 125 m\/s<\/p>","protected":false},"featured_media":6497,"template":"","meta":{"_gspb_post_css":""},"product_brand":[],"product_cat":[1935,1829,1824,1828],"product_tag":[],"class_list":{"0":"post-13622","1":"product","2":"type-product","3":"status-publish","4":"has-post-thumbnail","6":"product_cat-legends","7":"product_cat-pistole-na-co2","8":"product_cat-zbrane-18-d","9":"product_cat-zbrane-na-co2","11":"first","12":"instock","13":"taxable","14":"shipping-taxable","15":"purchasable","16":"product-type-simple"},"ct_brands":[],"_links":{"self":[{"href":"https:\/\/zbranebudai.sk\/hu\/wp-json\/wp\/v2\/product\/13622","targetHints":{"allow":["GET"]}}],"collection":[{"href":"https:\/\/zbranebudai.sk\/hu\/wp-json\/wp\/v2\/product"}],"about":[{"href":"https:\/\/zbranebudai.sk\/hu\/wp-json\/wp\/v2\/types\/product"}],"wp:featuredmedia":[{"embeddable":true,"href":"https:\/\/zbranebudai.sk\/hu\/wp-json\/wp\/v2\/media\/6497"}],"wp:attachment":[{"href":"https:\/\/zbranebudai.sk\/hu\/wp-json\/wp\/v2\/media?parent=13622"}],"wp:term":[{"taxonomy":"product_brand","embeddable":true,"href":"https:\/\/zbranebudai.sk\/hu\/wp-json\/wp\/v2\/product_brand?post=13622"},{"taxonomy":"product_cat","embeddable":true,"href":"https:\/\/zbranebudai.sk\/hu\/wp-json\/wp\/v2\/product_cat?post=13622"},{"taxonomy":"product_tag","embeddable":true,"href":"https:\/\/zbranebudai.sk\/hu\/wp-json\/wp\/v2\/product_tag?post=13622"}],"curies":[{"name":"wp","href":"https:\/\/api.w.org\/{rel}","templated":true}]}}