{"id":13621,"date":"2025-02-17T17:55:01","date_gmt":"2025-02-17T15:55:01","guid":{"rendered":"https:\/\/zbranebudai.sk\/product\/spielberg-brno-200f-kal-6mm-me-flobert-court-orech-pazba-s-rybinou\/"},"modified":"2026-05-14T14:20:24","modified_gmt":"2026-05-14T12:20:24","slug":"spielberg-brno-200f-cal-6mm-me-flobert-udvar-diofa-karom-halakkal","status":"publish","type":"product","link":"https:\/\/zbranebudai.sk\/hu\/product\/spielberg-brno-200f-kal-6mm-me-flobert-court-orech-pazba-s-rybinou\/","title":{"rendered":"Spielberg Brno 200F, cal. 6mm ME Flobert udvar, di\u00f3fa. halsz\u00e1lk\u00e1s \u00e1llom\u00e1ny"},"content":{"rendered":"","protected":false},"excerpt":{"rendered":"<p>D fegyverkateg\u00f3ria (energia 7,5 J-ig) Ide\u00e1lis prec\u00edzi\u00f3s l\u00f6v\u00e9shez kb. 15 m t\u00e1vols\u00e1gb\u00f3l. Egyl\u00f6vet\u0171 puska hengeres tol\u00f3z\u00e1rral. L\u00f6v\u00e9skor a g\u00e1zok egy r\u00e9sze a cs\u0151b\u0151l az el\u00fcls\u0151 r\u00e9szbe ker\u00fcl, \u00edgy a l\u00f6ved\u00e9k energi\u00e1ja a torkolatn\u00e1l a t\u00f6rv\u00e9nyes maxim\u00e1lis hat\u00e1r\u00e9rt\u00e9kre, 7,5 J-ra cs\u00f6kken. Feket\u00e9re festett kivitel. Di\u00f3fa \u00e1llom\u00e1ny, halsz\u00e1lk\u00e1s farag\u00e1ssal. Teljes hossza 950 mm, cs\u0151 hossza 495 mm (12 horony), s\u00falya 1,7 kg. \u00c1ll\u00edthat\u00f3 oldals\u00f3 ir\u00e1nyz\u00e9k, 11 mm-es hornyok optika r\u00f6gz\u00edt\u00e9s\u00e9re. Sima ravasz \u00e9s reteszel\u00e9s, kiv\u00e1l\u00f3 min\u0151s\u00e9g\u0171 kivitelez\u00e9s. Gy\u00e1rt\u00f3.<\/p>","protected":false},"featured_media":6495,"template":"","meta":{"_gspb_post_css":""},"product_brand":[],"product_cat":[1880,1882,1881,1824],"product_tag":[],"class_list":{"0":"post-13621","1":"product","2":"type-product","3":"status-publish","4":"has-post-thumbnail","6":"product_cat-flobertky","7":"product_cat-fobertky-spielberg-brno","8":"product_cat-spielberg-brno","9":"product_cat-zbrane-18-d","11":"first","12":"outofstock","13":"taxable","14":"shipping-taxable","15":"purchasable","16":"product-type-simple"},"ct_brands":[],"_links":{"self":[{"href":"https:\/\/zbranebudai.sk\/hu\/wp-json\/wp\/v2\/product\/13621","targetHints":{"allow":["GET"]}}],"collection":[{"href":"https:\/\/zbranebudai.sk\/hu\/wp-json\/wp\/v2\/product"}],"about":[{"href":"https:\/\/zbranebudai.sk\/hu\/wp-json\/wp\/v2\/types\/product"}],"wp:featuredmedia":[{"embeddable":true,"href":"https:\/\/zbranebudai.sk\/hu\/wp-json\/wp\/v2\/media\/6495"}],"wp:attachment":[{"href":"https:\/\/zbranebudai.sk\/hu\/wp-json\/wp\/v2\/media?parent=13621"}],"wp:term":[{"taxonomy":"product_brand","embeddable":true,"href":"https:\/\/zbranebudai.sk\/hu\/wp-json\/wp\/v2\/product_brand?post=13621"},{"taxonomy":"product_cat","embeddable":true,"href":"https:\/\/zbranebudai.sk\/hu\/wp-json\/wp\/v2\/product_cat?post=13621"},{"taxonomy":"product_tag","embeddable":true,"href":"https:\/\/zbranebudai.sk\/hu\/wp-json\/wp\/v2\/product_tag?post=13621"}],"curies":[{"name":"wp","href":"https:\/\/api.w.org\/{rel}","templated":true}]}}