{"id":13615,"date":"2025-02-17T17:54:59","date_gmt":"2025-02-17T15:54:59","guid":{"rendered":"https:\/\/zbranebudai.sk\/product\/pistol-co2-beretta-m84-fs-kal-45mm-bb\/"},"modified":"2026-04-16T03:58:13","modified_gmt":"2026-04-16T01:58:13","slug":"ko2-pisztoly-beretta-m84-fs-cal-45mm-bb","status":"publish","type":"product","link":"https:\/\/zbranebudai.sk\/hu\/product\/pistol-co2-beretta-m84-fs-kal-45mm-bb\/","title":{"rendered":"CO2 pisztoly Beretta M84 FS, cal. 4,5mm BB"},"content":{"rendered":"<p>PARAM\u00c9TEREK:<\/p>\n<p>Energia: 3 J<br \/>\nMenetsebess\u00e9g: 110 m\/s<br \/>\nCs\u0151hossz: 100 mm<br \/>\nTeljes hossz: 177 mm<br \/>\nA tart\u00e1ly kapacit\u00e1sa: 17<br \/>\nCO\u2082 patron kapacit\u00e1sa: 100 l\u00f6v\u00e9s<br \/>\nS\u00faly: 644 g\u00a0<\/p>","protected":false},"excerpt":{"rendered":"<p>Az Umarex komolyan veszi az enged\u00e9lyeit. Ez a CO2 replika Beretta Mod. 84 FS rendelkezik az eredeti kiv\u00e1l\u00f3 tulajdons\u00e1gaival: j\u00f3l illeszkedik a k\u00e9zbe \u00e9s k\u00f6nnyen kezelhet\u0151. A tart\u00f3s, teljesen f\u00e9mb\u0151l k\u00e9sz\u00fclt pisztoly levehet\u0151 t\u00e1rral rendelkezik, amely 17 darab 4,5 mm-es BB goly\u00f3t \u00e9s egy 12 g-os CO2-patront tartalmaz. A tol\u00f3z\u00e1r, az k\u00e9tkezes biztos\u00edt\u00e9k \u00e9s a h\u00faz\u00f3kar val\u00f3s\u00e1gh\u0171 kezelhet\u0151s\u00e9get biztos\u00edt a kik\u00e9pz\u00e9shez. A nagy energi\u00e1nak \u00e9s az er\u0151s visszal\u00f6v\u00e9si hat\u00e1snak k\u00f6sz\u00f6nhet\u0151en ez a pisztoly igaz\u00e1n hiteles benyom\u00e1st kelt.<\/p>","protected":false},"featured_media":6477,"template":"","meta":{"_gspb_post_css":""},"product_brand":[],"product_cat":[1836,1829,1824,1828],"product_tag":[],"class_list":{"0":"post-13615","1":"product","2":"type-product","3":"status-publish","4":"has-post-thumbnail","6":"product_cat-beretta","7":"product_cat-pistole-na-co2","8":"product_cat-zbrane-18-d","9":"product_cat-zbrane-na-co2","11":"first","12":"instock","13":"taxable","14":"shipping-taxable","15":"purchasable","16":"product-type-simple"},"ct_brands":[],"_links":{"self":[{"href":"https:\/\/zbranebudai.sk\/hu\/wp-json\/wp\/v2\/product\/13615","targetHints":{"allow":["GET"]}}],"collection":[{"href":"https:\/\/zbranebudai.sk\/hu\/wp-json\/wp\/v2\/product"}],"about":[{"href":"https:\/\/zbranebudai.sk\/hu\/wp-json\/wp\/v2\/types\/product"}],"wp:featuredmedia":[{"embeddable":true,"href":"https:\/\/zbranebudai.sk\/hu\/wp-json\/wp\/v2\/media\/6477"}],"wp:attachment":[{"href":"https:\/\/zbranebudai.sk\/hu\/wp-json\/wp\/v2\/media?parent=13615"}],"wp:term":[{"taxonomy":"product_brand","embeddable":true,"href":"https:\/\/zbranebudai.sk\/hu\/wp-json\/wp\/v2\/product_brand?post=13615"},{"taxonomy":"product_cat","embeddable":true,"href":"https:\/\/zbranebudai.sk\/hu\/wp-json\/wp\/v2\/product_cat?post=13615"},{"taxonomy":"product_tag","embeddable":true,"href":"https:\/\/zbranebudai.sk\/hu\/wp-json\/wp\/v2\/product_tag?post=13615"}],"curies":[{"name":"wp","href":"https:\/\/api.w.org\/{rel}","templated":true}]}}