{"id":13610,"date":"2025-02-17T17:54:58","date_gmt":"2025-02-17T15:54:58","guid":{"rendered":"https:\/\/zbranebudai.sk\/product\/pazbicky-19871-smooth-rosewood-pre-ruger-new-vaquero\/"},"modified":"2026-05-07T12:53:33","modified_gmt":"2026-05-07T10:53:33","slug":"pazbicky-19871-sima-rozsafa-ruger-new-vaquero-rugerhez","status":"publish","type":"product","link":"https:\/\/zbranebudai.sk\/hu\/product\/pazbicky-19871-smooth-rosewood-pre-ruger-new-vaquero\/","title":{"rendered":"Ruger (\u00faj) Vaquero 19871 sima r\u00f3zsafa r\u00fad Rugerhez (\u00daj)"},"content":{"rendered":"","protected":false},"excerpt":{"rendered":"","protected":false},"featured_media":6445,"template":"","meta":{"_gspb_post_css":""},"product_brand":[],"product_cat":[1917,1858,1859,1820],"product_tag":[],"class_list":{"0":"post-13610","1":"product","2":"type-product","3":"status-publish","4":"has-post-thumbnail","6":"product_cat-prislusenstvo-ruger-ruger-revolvery-zbrane-b-c","7":"product_cat-revolvery-zbrane-b-c","8":"product_cat-ruger-revolvery-zbrane-b-c","9":"product_cat-zbrane-b-c","11":"first","12":"instock","13":"taxable","14":"shipping-taxable","15":"purchasable","16":"product-type-simple"},"ct_brands":[],"_links":{"self":[{"href":"https:\/\/zbranebudai.sk\/hu\/wp-json\/wp\/v2\/product\/13610","targetHints":{"allow":["GET"]}}],"collection":[{"href":"https:\/\/zbranebudai.sk\/hu\/wp-json\/wp\/v2\/product"}],"about":[{"href":"https:\/\/zbranebudai.sk\/hu\/wp-json\/wp\/v2\/types\/product"}],"wp:featuredmedia":[{"embeddable":true,"href":"https:\/\/zbranebudai.sk\/hu\/wp-json\/wp\/v2\/media\/6445"}],"wp:attachment":[{"href":"https:\/\/zbranebudai.sk\/hu\/wp-json\/wp\/v2\/media?parent=13610"}],"wp:term":[{"taxonomy":"product_brand","embeddable":true,"href":"https:\/\/zbranebudai.sk\/hu\/wp-json\/wp\/v2\/product_brand?post=13610"},{"taxonomy":"product_cat","embeddable":true,"href":"https:\/\/zbranebudai.sk\/hu\/wp-json\/wp\/v2\/product_cat?post=13610"},{"taxonomy":"product_tag","embeddable":true,"href":"https:\/\/zbranebudai.sk\/hu\/wp-json\/wp\/v2\/product_tag?post=13610"}],"curies":[{"name":"wp","href":"https:\/\/api.w.org\/{rel}","templated":true}]}}