{"id":13605,"date":"2025-02-17T17:54:58","date_gmt":"2025-02-17T15:54:58","guid":{"rendered":"https:\/\/zbranebudai.sk\/product\/ochranne-platnicky-hk-pre-mr223-mr308-3ks\/"},"modified":"2026-04-16T04:52:57","modified_gmt":"2026-04-16T02:52:57","slug":"vedolemezek-hk-mr223-mr308-3db-mr223-mr308-hoz","status":"publish","type":"product","link":"https:\/\/zbranebudai.sk\/hu\/product\/ochranne-platnicky-hk-pre-mr223-mr308-3ks\/","title":{"rendered":"H&amp;K v\u00e9d\u0151lemezek MR223\/MR308-hoz (3db)"},"content":{"rendered":"","protected":false},"excerpt":{"rendered":"<p>H\u00e1rom darab 21,5 cm hossz\u00fas\u00e1g\u00fa t\u00e1ny\u00e9rb\u00f3l \u00e1ll\u00f3 k\u00e9szlet. A k\u00e9szlet a HK MR223A1 \u00e9s MR308 \u00f6nt\u00f6lt\u0151 pusk\u00e1k sz\u00f6v\u0151s\u00ednjeihez alkalmas.<\/p>","protected":false},"featured_media":6427,"template":"","meta":{"_gspb_post_css":""},"product_brand":[],"product_cat":[1821,1867,1932,1820],"product_tag":[],"class_list":{"0":"post-13605","1":"product","2":"type-product","3":"status-publish","4":"has-post-thumbnail","6":"product_cat-gulovnice-zbrane-b-c","7":"product_cat-heckler-koch-gulovnice-zbrane-b-c","8":"product_cat-prislusenstvo-hk","9":"product_cat-zbrane-b-c","11":"first","12":"instock","13":"taxable","14":"shipping-taxable","15":"purchasable","16":"product-type-simple"},"ct_brands":[],"_links":{"self":[{"href":"https:\/\/zbranebudai.sk\/hu\/wp-json\/wp\/v2\/product\/13605","targetHints":{"allow":["GET"]}}],"collection":[{"href":"https:\/\/zbranebudai.sk\/hu\/wp-json\/wp\/v2\/product"}],"about":[{"href":"https:\/\/zbranebudai.sk\/hu\/wp-json\/wp\/v2\/types\/product"}],"wp:featuredmedia":[{"embeddable":true,"href":"https:\/\/zbranebudai.sk\/hu\/wp-json\/wp\/v2\/media\/6427"}],"wp:attachment":[{"href":"https:\/\/zbranebudai.sk\/hu\/wp-json\/wp\/v2\/media?parent=13605"}],"wp:term":[{"taxonomy":"product_brand","embeddable":true,"href":"https:\/\/zbranebudai.sk\/hu\/wp-json\/wp\/v2\/product_brand?post=13605"},{"taxonomy":"product_cat","embeddable":true,"href":"https:\/\/zbranebudai.sk\/hu\/wp-json\/wp\/v2\/product_cat?post=13605"},{"taxonomy":"product_tag","embeddable":true,"href":"https:\/\/zbranebudai.sk\/hu\/wp-json\/wp\/v2\/product_tag?post=13605"}],"curies":[{"name":"wp","href":"https:\/\/api.w.org\/{rel}","templated":true}]}}